{"id":1320,"date":"2023-09-26T15:20:39","date_gmt":"2023-09-26T15:20:39","guid":{"rendered":"https:\/\/sbm-rail.com\/realizacje\/"},"modified":"2023-11-17T09:45:42","modified_gmt":"2023-11-17T09:45:42","slug":"portfolio","status":"publish","type":"page","link":"https:\/\/sbm-rail.com\/en\/portfolio\/","title":{"rendered":"Portfolio"},"content":{"rendered":"\t\t<section class=\"page-header\" style=\"background-image: url('https:\/\/sbm-rail.com\/wp-content\/uploads\/2023\/09\/BG-1.png\">\n\t\t\t<div class=\"container\">\n\t\t\t\t<div class=\"row\">\n\t\t\t\t\t<div class=\"col-12\">\n\t\t\t\t\t<h1>Portfolio<\/h1>\t\t\t\t\t<\/div>\n\t\t\t\t<\/div>\n\t\t\t<\/div>\n\t\t<\/section>\n\t\t\n\n\t\t<section id=\"nasze-portfolio\" class=\"portfolio\">\n\t\t\t<div class=\"title-wrapper\">\n\t\t\t\t<div class=\"container\">\n\t\t\t\t\t<div class=\"row\">\n\t\t\t\t\t\t<div class=\"col-12\">\n\t\t\t\t\t\t\t<h2><span>Our  <strong> Portfolio<\/strong><\/span><\/h2>\n\t\t\t\t\t\t<\/div>\n\t\t\t\t\t<\/div>\n\t\t\t\t<\/div>\n\t\t\t<\/div>\n\t\t\t<div class=\"container\">\n\t\t\t\t<div class=\"row\">\n\t\t\t\t\t<div class=\"portfolio__list\">\n\t\t\t\t\t\t\t\t\t\t\t\t<article>\n\t\t\t\t\t\t\t\t<div class=\"photo\" style=\"background-image: url('https:\/\/sbm-rail.com\/wp-content\/uploads\/2023\/09\/34446_5.jpg\"><\/div>\n\t\t\t\t\t\t\t\t<div class=\"description\">\n\t\t\t\t\t\t\t\t\t<div class=\"left\">\n\t\t\t\t\t\t\t\t\t\t<div class=\"portfolio-title\">\n\t\t\t\t\t\t\t\t\t\t\t\t\t\t\t\t\t\t\t\t\t\t\t<h3>Reconstruction of track systems together with accompanying infrastructure on the E59 railway line, section: Stargard &#8211; Szczecin D\u0105bie<\/h3>\n\t\t\t\t\t\t\t\t\t\t\t\t\t\t\t\t\t\t\t\t\t\t\t\t\t\t\t\t\t\t\t\t<\/div>\n\t\t\t\t\t\t\t\t\t\t<p>Reconstruction of track systems and accompanying infrastructure on the E59 railway line, section: Stargard &#8211; Szczecin D\u0105bie (LOT G) as part of the project &#8220;Works on the E59 railway line, section Pozna\u0144 G\u0142\u00f3wny &#8211; Szczecin D\u0105bie&#8221;.<\/p>\n\t\t\t\t\t\t\t\t\t<\/div>\n\t\t\t\t\t\t\t\t\t<div class=\"right\">\n\t\t\t\t\t\t\t\t\t\t\t\t\t\t\t\t\t\t\t\t\t<h5>Railway construction<\/h5>\n\t\t\t\t\t\t\t\t\t\t\t\t\t\t\t\t\t\t\t\t<a href=\"https:\/\/sbm-rail.com\/en\/realizations\/reconstruction-of-track-systems-together-with-accompanying-infrastructure-on-the-e59-railway-line-section-stargard-szczecin-dabie\/\">\n\t\t\t\t\t\t\t\t\t\t\t<img decoding=\"async\" src=\"https:\/\/sbm-rail.com\/wp-content\/themes\/sbm\/assets\/svg\/arrow-red.svg\" alt=\"Railway construction\">\n\t\t\t\t\t\t\t\t\t\t<\/a>\n\t\t\t\t\t\t\t\t\t<\/div>\n\t\t\t\t\t\t\t\t<\/div>\n\t\t\t\t\t\t\t<\/article>\n\t\t\t\t\t\t\t\t\t\t\t\t\t<article>\n\t\t\t\t\t\t\t\t<div class=\"photo\" style=\"background-image: url('https:\/\/sbm-rail.com\/wp-content\/uploads\/2023\/09\/34445_3.jpg\"><\/div>\n\t\t\t\t\t\t\t\t<div class=\"description\">\n\t\t\t\t\t\t\t\t\t<div class=\"left\">\n\t\t\t\t\t\t\t\t\t\t<div class=\"portfolio-title\">\n\t\t\t\t\t\t\t\t\t\t\t\t\t\t\t\t\t\t\t\t\t\t\t<h3>Reconstruction of track systems together with accompanying infrastructure on the E59 railway line, section: Choszczno \u2013 Stargard<\/h3>\n\t\t\t\t\t\t\t\t\t\t\t\t\t\t\t\t\t\t\t\t\t\t\t\t\t\t\t\t\t\t\t\t<\/div>\n\t\t\t\t\t\t\t\t\t\t<p class=\"p1\">Reconstruction of track systems and accompanying infrastructure on the E59 railway line, section: Choszczno \u2013 Stargard (LOT F) as part of the project &#8220;Works on the E59 railway line, section Pozna\u0144 G\u0142\u00f3wny \u2013 Szczecin D\u0105bie&#8221;.<\/p>\n\t\t\t\t\t\t\t\t\t<\/div>\n\t\t\t\t\t\t\t\t\t<div class=\"right\">\n\t\t\t\t\t\t\t\t\t\t\t\t\t\t\t\t\t\t\t\t\t<h5>Railway construction<\/h5>\n\t\t\t\t\t\t\t\t\t\t\t\t\t\t\t\t\t\t\t\t<a href=\"https:\/\/sbm-rail.com\/en\/realizations\/reconstruction-of-track-systems-together-with-accompanying-infrastructure-on-the-e59-railway-line-section-choszczno-stargard\/\">\n\t\t\t\t\t\t\t\t\t\t\t<img decoding=\"async\" src=\"https:\/\/sbm-rail.com\/wp-content\/themes\/sbm\/assets\/svg\/arrow-red.svg\" alt=\"Railway construction\">\n\t\t\t\t\t\t\t\t\t\t<\/a>\n\t\t\t\t\t\t\t\t\t<\/div>\n\t\t\t\t\t\t\t\t<\/div>\n\t\t\t\t\t\t\t<\/article>\n\t\t\t\t\t\t\t\t\t\t\t\t\t<article>\n\t\t\t\t\t\t\t\t<div class=\"photo\" style=\"background-image: url('https:\/\/sbm-rail.com\/wp-content\/uploads\/2023\/09\/20230905_104138-scaled.jpg\"><\/div>\n\t\t\t\t\t\t\t\t<div class=\"description\">\n\t\t\t\t\t\t\t\t\t<div class=\"left\">\n\t\t\t\t\t\t\t\t\t\t<div class=\"portfolio-title\">\n\t\t\t\t\t\t\t\t\t\t\t\t\t\t\t\t\t\t\t\t\t\t\t<h3>Revitalization of the railway line no. 285 on the section Wroc\u0142aw G\u0142\u00f3wny \u2013 \u015awidnica Przedmie\u015bcie<\/h3>\n\t\t\t\t\t\t\t\t\t\t\t\t\t\t\t\t\t\t\t\t\t\t\t\t\t\t\t\t\t\t\t\t<\/div>\n\t\t\t\t\t\t\t\t\t\t<p class=\"p1\">Development of design documentation and execution of construction works within the project titled &#8220;Revitalization of the railway line no. 285 on the section Wroc\u0142aw G\u0142\u00f3wny \u2013 \u015awidnica Przedmie\u015bcie together with line no. 771 \u015awidnica Przedmie\u015bcie \u2013 \u015awidnica Miasto\u201d.<\/p>\n\t\t\t\t\t\t\t\t\t<\/div>\n\t\t\t\t\t\t\t\t\t<div class=\"right\">\n\t\t\t\t\t\t\t\t\t\t\t\t\t\t\t\t\t\t\t\t\t<h5>Railway construction<\/h5>\n\t\t\t\t\t\t\t\t\t\t\t\t\t\t\t\t\t\t\t\t<a href=\"https:\/\/sbm-rail.com\/en\/realizations\/revitalization-of-the-railway-line-no-285-on-the-section-wroclaw-glowny-swidnica-przedmiescie\/\">\n\t\t\t\t\t\t\t\t\t\t\t<img decoding=\"async\" src=\"https:\/\/sbm-rail.com\/wp-content\/themes\/sbm\/assets\/svg\/arrow-red.svg\" alt=\"Railway construction\">\n\t\t\t\t\t\t\t\t\t\t<\/a>\n\t\t\t\t\t\t\t\t\t<\/div>\n\t\t\t\t\t\t\t\t<\/div>\n\t\t\t\t\t\t\t<\/article>\n\t\t\t\t\t\t\t\t\t\t\t\t\t<article>\n\t\t\t\t\t\t\t\t<div class=\"photo\" style=\"background-image: url('https:\/\/sbm-rail.com\/wp-content\/uploads\/2023\/09\/IMG_20210614_131129458_HDR.png\"><\/div>\n\t\t\t\t\t\t\t\t<div class=\"description\">\n\t\t\t\t\t\t\t\t\t<div class=\"left\">\n\t\t\t\t\t\t\t\t\t\t<div class=\"portfolio-title\">\n\t\t\t\t\t\t\t\t\t\t\t\t\t\t\t\t\t\t\t\t\t\t\t<h3>Revitalization of the railway line no. 410 and loading points at the Z\u0142ocieniec station<\/h3>\n\t\t\t\t\t\t\t\t\t\t\t\t\t\t\t\t\t\t\t\t\t\t\t\t\t\t\t\t\t\t\t\t<\/div>\n\t\t\t\t\t\t\t\t\t\t<p class=\"p1\">Preparation of design documentation and execution of works for the project titled &#8220;Revitalization of the railway line no. 410 and loading points at the Z\u0142ocieniec station\u201d.<\/p>\n\t\t\t\t\t\t\t\t\t<\/div>\n\t\t\t\t\t\t\t\t\t<div class=\"right\">\n\t\t\t\t\t\t\t\t\t\t\t\t\t\t\t\t\t\t\t\t\t<h5>Railway construction<\/h5>\n\t\t\t\t\t\t\t\t\t\t\t\t\t\t\t\t\t\t\t\t<a href=\"https:\/\/sbm-rail.com\/en\/realizations\/revitalization-of-the-railway-line-no-410-and-loading-points-at-the-zlocieniec-station\/\">\n\t\t\t\t\t\t\t\t\t\t\t<img decoding=\"async\" src=\"https:\/\/sbm-rail.com\/wp-content\/themes\/sbm\/assets\/svg\/arrow-red.svg\" alt=\"Railway construction\">\n\t\t\t\t\t\t\t\t\t\t<\/a>\n\t\t\t\t\t\t\t\t\t<\/div>\n\t\t\t\t\t\t\t\t<\/div>\n\t\t\t\t\t\t\t<\/article>\n\t\t\t\t\t\t\t\t\t\t\t\t\t\n\t\t\t\t\t<\/div>\n\t\t\t\t<\/div>\n\t\t\t\t\t\t\t<\/div>\n\t\t<\/section>\n\t\t","protected":false},"excerpt":{"rendered":"","protected":false},"author":4,"featured_media":0,"parent":0,"menu_order":0,"comment_status":"closed","ping_status":"closed","template":"","meta":{"_acf_changed":false,"footnotes":""},"class_list":["post-1320","page","type-page","status-publish","hentry"],"acf":[],"yoast_head":"<!-- This site is optimized with the Yoast SEO plugin v27.5 - https:\/\/yoast.com\/product\/yoast-seo-wordpress\/ -->\n<title>Portfolio - sbm-rail.com<\/title>\n<meta name=\"robots\" content=\"index, follow, max-snippet:-1, max-image-preview:large, max-video-preview:-1\" \/>\n<link rel=\"canonical\" href=\"https:\/\/sbm-rail.com\/en\/portfolio\/\" \/>\n<meta property=\"og:locale\" content=\"en_US\" \/>\n<meta property=\"og:type\" content=\"article\" \/>\n<meta property=\"og:title\" content=\"Portfolio - sbm-rail.com\" \/>\n<meta property=\"og:url\" content=\"https:\/\/sbm-rail.com\/en\/portfolio\/\" \/>\n<meta property=\"og:site_name\" content=\"sbm-rail.com\" \/>\n<meta property=\"article:modified_time\" content=\"2023-11-17T09:45:42+00:00\" \/>\n<meta name=\"twitter:card\" content=\"summary_large_image\" \/>\n<script type=\"application\/ld+json\" class=\"yoast-schema-graph\">{\"@context\":\"https:\\\/\\\/schema.org\",\"@graph\":[{\"@type\":\"WebPage\",\"@id\":\"https:\\\/\\\/sbm-rail.com\\\/en\\\/portfolio\\\/\",\"url\":\"https:\\\/\\\/sbm-rail.com\\\/en\\\/portfolio\\\/\",\"name\":\"Portfolio - sbm-rail.com\",\"isPartOf\":{\"@id\":\"https:\\\/\\\/sbm-rail.com\\\/#website\"},\"datePublished\":\"2023-09-26T15:20:39+00:00\",\"dateModified\":\"2023-11-17T09:45:42+00:00\",\"breadcrumb\":{\"@id\":\"https:\\\/\\\/sbm-rail.com\\\/en\\\/portfolio\\\/#breadcrumb\"},\"inLanguage\":\"en-US\",\"potentialAction\":[{\"@type\":\"ReadAction\",\"target\":[\"https:\\\/\\\/sbm-rail.com\\\/en\\\/portfolio\\\/\"]}]},{\"@type\":\"BreadcrumbList\",\"@id\":\"https:\\\/\\\/sbm-rail.com\\\/en\\\/portfolio\\\/#breadcrumb\",\"itemListElement\":[{\"@type\":\"ListItem\",\"position\":1,\"name\":\"Strona g\u0142\u00f3wna\",\"item\":\"https:\\\/\\\/sbm-rail.com\\\/en\\\/\"},{\"@type\":\"ListItem\",\"position\":2,\"name\":\"Portfolio\"}]},{\"@type\":\"WebSite\",\"@id\":\"https:\\\/\\\/sbm-rail.com\\\/#website\",\"url\":\"https:\\\/\\\/sbm-rail.com\\\/\",\"name\":\"sbm-rail.com\",\"description\":\"\",\"publisher\":{\"@id\":\"https:\\\/\\\/sbm-rail.com\\\/#organization\"},\"potentialAction\":[{\"@type\":\"SearchAction\",\"target\":{\"@type\":\"EntryPoint\",\"urlTemplate\":\"https:\\\/\\\/sbm-rail.com\\\/?s={search_term_string}\"},\"query-input\":{\"@type\":\"PropertyValueSpecification\",\"valueRequired\":true,\"valueName\":\"search_term_string\"}}],\"inLanguage\":\"en-US\"},{\"@type\":\"Organization\",\"@id\":\"https:\\\/\\\/sbm-rail.com\\\/#organization\",\"name\":\"sbm-rail.com\",\"url\":\"https:\\\/\\\/sbm-rail.com\\\/\",\"logo\":{\"@type\":\"ImageObject\",\"inLanguage\":\"en-US\",\"@id\":\"https:\\\/\\\/sbm-rail.com\\\/#\\\/schema\\\/logo\\\/image\\\/\",\"url\":\"https:\\\/\\\/sbm-rail.com\\\/wp-content\\\/uploads\\\/2023\\\/08\\\/logo.svg\",\"contentUrl\":\"https:\\\/\\\/sbm-rail.com\\\/wp-content\\\/uploads\\\/2023\\\/08\\\/logo.svg\",\"caption\":\"sbm-rail.com\"},\"image\":{\"@id\":\"https:\\\/\\\/sbm-rail.com\\\/#\\\/schema\\\/logo\\\/image\\\/\"}}]}<\/script>\n<!-- \/ Yoast SEO plugin. -->","yoast_head_json":{"title":"Portfolio - sbm-rail.com","robots":{"index":"index","follow":"follow","max-snippet":"max-snippet:-1","max-image-preview":"max-image-preview:large","max-video-preview":"max-video-preview:-1"},"canonical":"https:\/\/sbm-rail.com\/en\/portfolio\/","og_locale":"en_US","og_type":"article","og_title":"Portfolio - sbm-rail.com","og_url":"https:\/\/sbm-rail.com\/en\/portfolio\/","og_site_name":"sbm-rail.com","article_modified_time":"2023-11-17T09:45:42+00:00","twitter_card":"summary_large_image","schema":{"@context":"https:\/\/schema.org","@graph":[{"@type":"WebPage","@id":"https:\/\/sbm-rail.com\/en\/portfolio\/","url":"https:\/\/sbm-rail.com\/en\/portfolio\/","name":"Portfolio - sbm-rail.com","isPartOf":{"@id":"https:\/\/sbm-rail.com\/#website"},"datePublished":"2023-09-26T15:20:39+00:00","dateModified":"2023-11-17T09:45:42+00:00","breadcrumb":{"@id":"https:\/\/sbm-rail.com\/en\/portfolio\/#breadcrumb"},"inLanguage":"en-US","potentialAction":[{"@type":"ReadAction","target":["https:\/\/sbm-rail.com\/en\/portfolio\/"]}]},{"@type":"BreadcrumbList","@id":"https:\/\/sbm-rail.com\/en\/portfolio\/#breadcrumb","itemListElement":[{"@type":"ListItem","position":1,"name":"Strona g\u0142\u00f3wna","item":"https:\/\/sbm-rail.com\/en\/"},{"@type":"ListItem","position":2,"name":"Portfolio"}]},{"@type":"WebSite","@id":"https:\/\/sbm-rail.com\/#website","url":"https:\/\/sbm-rail.com\/","name":"sbm-rail.com","description":"","publisher":{"@id":"https:\/\/sbm-rail.com\/#organization"},"potentialAction":[{"@type":"SearchAction","target":{"@type":"EntryPoint","urlTemplate":"https:\/\/sbm-rail.com\/?s={search_term_string}"},"query-input":{"@type":"PropertyValueSpecification","valueRequired":true,"valueName":"search_term_string"}}],"inLanguage":"en-US"},{"@type":"Organization","@id":"https:\/\/sbm-rail.com\/#organization","name":"sbm-rail.com","url":"https:\/\/sbm-rail.com\/","logo":{"@type":"ImageObject","inLanguage":"en-US","@id":"https:\/\/sbm-rail.com\/#\/schema\/logo\/image\/","url":"https:\/\/sbm-rail.com\/wp-content\/uploads\/2023\/08\/logo.svg","contentUrl":"https:\/\/sbm-rail.com\/wp-content\/uploads\/2023\/08\/logo.svg","caption":"sbm-rail.com"},"image":{"@id":"https:\/\/sbm-rail.com\/#\/schema\/logo\/image\/"}}]}},"_links":{"self":[{"href":"https:\/\/sbm-rail.com\/en\/wp-json\/wp\/v2\/pages\/1320","targetHints":{"allow":["GET"]}}],"collection":[{"href":"https:\/\/sbm-rail.com\/en\/wp-json\/wp\/v2\/pages"}],"about":[{"href":"https:\/\/sbm-rail.com\/en\/wp-json\/wp\/v2\/types\/page"}],"author":[{"embeddable":true,"href":"https:\/\/sbm-rail.com\/en\/wp-json\/wp\/v2\/users\/4"}],"replies":[{"embeddable":true,"href":"https:\/\/sbm-rail.com\/en\/wp-json\/wp\/v2\/comments?post=1320"}],"version-history":[{"count":5,"href":"https:\/\/sbm-rail.com\/en\/wp-json\/wp\/v2\/pages\/1320\/revisions"}],"predecessor-version":[{"id":1527,"href":"https:\/\/sbm-rail.com\/en\/wp-json\/wp\/v2\/pages\/1320\/revisions\/1527"}],"wp:attachment":[{"href":"https:\/\/sbm-rail.com\/en\/wp-json\/wp\/v2\/media?parent=1320"}],"curies":[{"name":"wp","href":"https:\/\/api.w.org\/{rel}","templated":true}]}}