{"id":1327,"date":"2023-08-28T11:09:34","date_gmt":"2023-08-28T11:09:34","guid":{"rendered":"https:\/\/sbm-rail.com\/zrownowazony-rozwoj\/"},"modified":"2023-11-06T08:55:37","modified_gmt":"2023-11-06T08:55:37","slug":"nachhaltige-entwicklung","status":"publish","type":"page","link":"https:\/\/sbm-rail.com\/de\/nachhaltige-entwicklung\/","title":{"rendered":"Nachhaltige Entwicklung"},"content":{"rendered":"\t\t<section class=\"page-header\" style=\"background-image: url('https:\/\/sbm-rail.com\/wp-content\/uploads\/2023\/08\/BG2.png\">\n\t\t\t<div class=\"container\">\n\t\t\t\t<div class=\"row\">\n\t\t\t\t\t<div class=\"col-12\">\n\t\t\t\t\t<h1>Nachhaltige Entwicklung<\/h1>\t\t\t\t\t<\/div>\n\t\t\t\t<\/div>\n\t\t\t<\/div>\n\t\t<\/section>\n\t\t\n\n\t\t<section class=\"texts\">\n\t\t\t\n\t\t\t\t\t\t\t\t\t<div class=\"title-wrapper\">\n\t\t\t\t\t\t<div class=\"container\">\n\t\t\t\t\t\t\t<div class=\"row\">\n\t\t\t\t\t\t\t\t<div class=\"col-12\" id=\"kim-jestesmy\">\n\t\t\t\t\t\t\t\t\t<h2><span>Einf\u00fchrung in  <strong>die nachhaltige Entwicklung<\/strong><\/span><\/h2>\n\t\t\t\t\t\t\t\t<\/div>\n\t\t\t\t\t\t\t<\/div>\n\t\t\t\t\t\t<\/div>\n\t\t\t\t\t<\/div>\n\t\t\t\t\t<div class=\"container\">\n\t\t\t\t\t\t<div class=\"row\">\n\t\t\t\t\t\t\t<div class=\"col-12\">\n\t\t\t\t\t\t\t\t<article>\n\t\t\t\t\t\t\t\t\t<div class=\"photo\">\n\t\t\t\t\t\t\t\t\t\t<img decoding=\"async\" src=\"https:\/\/sbm-rail.com\/wp-content\/uploads\/2023\/08\/Rectangle-851.png\" alt=\"Einf\u00fchrung in  die nachhaltige Entwicklung\">\n\t\t\t\t\t\t\t\t\t<\/div>\n\t\t\t\t\t\t\t\t\t<div class=\"description\">\n\t\t\t\t\t\t\t\t\t\t<h3>SBM ist davon \u00fcberzeugt, dass nachhaltiges Wachstum der richtige Weg ist, und wir sind deshalb bereit, unsere Mission fortzusetzen, indem wir eine Harmonie zwischen Gesch\u00e4ft und Nachhaltigkeit anstreben.<\/h3>\n<p>Wir sind stolz auf unseren Einsatz f\u00fcr Nachhaltigkeit und das Streben nach Spitzenleistung im Bereich des Qualit\u00e4ts- und Sicherheitsmanagements. Seit der Firmengr\u00fcndung lassen wir uns von Werten leiten, die uns erm\u00f6glichen, unseren Umwelteinfluss zu minimieren, uns um unsere Mitarbeiter zu k\u00fcmmern sowie Produkte und Dienstleistungen von h\u00f6chster Qualit\u00e4t anzubieten. Unser Engagement f\u00fcr Nachhaltigkeit bildet die Grundlage f\u00fcr unsere T\u00e4tigkeit und unsere Erfolge.<\/p>\n\t\t\t\t\t\t\t\t\t<\/div>\n\t\t\t\t\t\t\t\t<\/article>\n\t\t\t\t\t\t\t<\/div>\n\t\t\t\t\t\t<\/div>\n\t\t\t\t\t<\/div>\n\t\t\t\t\t\t\t\n\t\t<\/section>\n\t\t\n\n\t\t<section class=\"certyficates\">\n\t\t\t<div class=\"container\">\n\t\t\t\t<div class=\"row\">\n\t\t\t\t\t<div class=\"col-12\">\n\t\t\t\t\t\t<div class=\"certyficates__wrapper\">\n\t\t\t\t\t\t\t<div class=\"description\">\n\t\t\t\t\t\t\t\t<h2><span>Zertifikate<\/span><\/h2>\n\t\t\t\t\t\t\t\t<p>Integriertes Managementsystem:<br \/>\nZertifizierung nach ISO 9001 \u2013 Qualit\u00e4tssicherung,<br \/>\nZertifizierung nach ISO 14001 \u2013 Gew\u00e4hrleistung des Umweltschutzes,<br \/>\nZertifizierung nach 45001 \u2013 Gew\u00e4hrleistung von Gesundheit und Sicherheit am Arbeitsplatz.<\/p>\n\t\t\t\t\t\t\t<\/div>\n\t\t\t\t\t\t\t<div class=\"cert\">\n\t\t\t\t\t\t\t\t\t\t\t\t\t\t\t\t\t<article>\n\t\t\t\t\t\t\t\t\t\t<a href=\"https:\/\/sbm-rail.com\/wp-content\/uploads\/2023\/08\/image-33.png\" data-fancybox=\"port\">\n\t\t\t\t\t\t\t\t\t\t<img decoding=\"async\" src=\"https:\/\/sbm-rail.com\/wp-content\/uploads\/2023\/08\/image-33.png\" alt=\"Zertifikate\">\n\t\t\t\t\t\t\t\t\t\t<\/a>\n\t\t\t\t\t\t\t\t\t<\/article>\n\t\t\t\t\t\t\t\t\t\t\t\t\t\t\t\t\t<article>\n\t\t\t\t\t\t\t\t\t\t<a href=\"https:\/\/sbm-rail.com\/wp-content\/uploads\/2023\/08\/image-34.png\" data-fancybox=\"port\">\n\t\t\t\t\t\t\t\t\t\t<img decoding=\"async\" src=\"https:\/\/sbm-rail.com\/wp-content\/uploads\/2023\/08\/image-34.png\" alt=\"Zertifikate\">\n\t\t\t\t\t\t\t\t\t\t<\/a>\n\t\t\t\t\t\t\t\t\t<\/article>\n\t\t\t\t\t\t\t\t\t\t\t\t\t\t\t\t\t<article>\n\t\t\t\t\t\t\t\t\t\t<a href=\"https:\/\/sbm-rail.com\/wp-content\/uploads\/2023\/08\/image-35.png\" data-fancybox=\"port\">\n\t\t\t\t\t\t\t\t\t\t<img decoding=\"async\" src=\"https:\/\/sbm-rail.com\/wp-content\/uploads\/2023\/08\/image-35.png\" alt=\"Zertifikate\">\n\t\t\t\t\t\t\t\t\t\t<\/a>\n\t\t\t\t\t\t\t\t\t<\/article>\n\t\t\t\t\t\t\t\t\t\t\t\t\t\t\t<\/div>\n\t\t\t\t\t\t<\/div>\n\t\t\t\t\t<\/div>\n\t\t\t\t<\/div>\n\t\t\t<\/div>\n\t\t<\/section>\n\t\t\n\n\t\t<section class=\"esg\">\n\t\t\t<div class=\"container\">\n\t\t\t\t<div class=\"row\">\n\t\t\t\t\t<div class=\"col-12\">\n\t\t\t\t\t\t<div class=\"esg__wrapper\">\n\t\t\t\t\t\t\t\t\t\t\t\t\t\t\t<article>\n\t\t\t\t\t\t\t\t\t<div class=\"description\">\n\t\t\t\t\t\t\t\t\t\t<h3><strong>Umwelt:<\/strong> Bei jedem Projekt ergreifen wir Ma\u00dfnahmen zum Schutz des Arbeitsorts vor m\u00f6glichen Umweltsch\u00e4den. Unsere Verfahren umfassen den Einsatz von Schutzbarrieren, die \u00dcberwachung der Auswirkungen der Arbeiten auf den Boden und die Grundgew\u00e4sser sowie die \u00dcberwachung von Staub- und Schadstoffemissionen.<\/h3>\n\t\t\t\t\t\t\t\t\t<\/div>\n\t\t\t\t\t\t\t\t\t<div class=\"photo\">\n\t\t\t\t\t\t\t\t\t\t<img decoding=\"async\" src=\"https:\/\/sbm-rail.com\/wp-content\/uploads\/2023\/08\/Rectangle-120.png\" alt=\"ESG\">\n\t\t\t\t\t\t\t\t\t<\/div>\n\t\t\t\t\t\t\t\t\t\n\t\t\t\t\t\t\t\t<\/article>\n\t\t\t\t\t\t\t\t\t\t\t\t\t\t\t<article>\n\t\t\t\t\t\t\t\t\t<div class=\"description\">\n\t\t\t\t\t\t\t\t\t\t<h3><strong>Gesellschaftliche Unternehmensverantwortung:<\/strong> Unser Unternehmen ist bestrebt, durch eine Null-Unfallquote und die Einhaltung der Normen ISO 14001:2015 und ISO 45001:2018 einen positiven Einfluss auf die Gesellschaft und Umwelt auszu\u00fcben. Wir schulen unsere Mitarbeiter im Bereich von Qualit\u00e4tsmanagement, was zur Verbesserung unserer Gesundheitsschutz- und Sicherheitspraktiken f\u00fchrt.<\/h3>\n\t\t\t\t\t\t\t\t\t<\/div>\n\t\t\t\t\t\t\t\t\t<div class=\"photo\">\n\t\t\t\t\t\t\t\t\t\t<img decoding=\"async\" src=\"https:\/\/sbm-rail.com\/wp-content\/uploads\/2023\/09\/Rectangle-123.jpg\" alt=\"ESG\">\n\t\t\t\t\t\t\t\t\t<\/div>\n\t\t\t\t\t\t\t\t\t\n\t\t\t\t\t\t\t\t<\/article>\n\t\t\t\t\t\t\t\t\t\t\t\t\t\t\t<article>\n\t\t\t\t\t\t\t\t\t<div class=\"description\">\n\t\t\t\t\t\t\t\t\t\t<h3><strong>Corporate Governance:<\/strong> Als Branchenf\u00fchrer pr\u00e4gen wir das heutige Bild der Branche mit fast 200 au\u00dfergew\u00f6hnlich talentierten Menschen. SBM wird nicht nur von ehrgeizigen Herausforderungen, sondern vor allem von Sicherheit und Qualit\u00e4t getrieben.<\/h3>\n\t\t\t\t\t\t\t\t\t<\/div>\n\t\t\t\t\t\t\t\t\t<div class=\"photo\">\n\t\t\t\t\t\t\t\t\t\t<img decoding=\"async\" src=\"https:\/\/sbm-rail.com\/wp-content\/uploads\/2023\/08\/Rectangle-122.png\" alt=\"ESG\">\n\t\t\t\t\t\t\t\t\t<\/div>\n\t\t\t\t\t\t\t\t\t\n\t\t\t\t\t\t\t\t<\/article>\n\t\t\t\t\t\t\t\t\t\t\t\t\t<\/div>\n\t\t\t\t\t<\/div>\n\t\t\t\t<\/div>\n\t\t\t<\/div>\n\t\t<\/section>\n\t\t\n\n\t\t<section class=\"icons\">\n\t\t\t<div class=\"title-wrapper\">\n\t\t\t\t<div class=\"container\">\n\t\t\t\t\t<div class=\"row\">\n\t\t\t\t\t\t<div class=\"col-12\">\n\t\t\t\t\t\t\t<h2><span>Werte  <strong>und Deklarationen<\/strong><\/span><\/h2>\n\t\t\t\t\t\t<\/div>\n\t\t\t\t\t<\/div>\n\t\t\t\t<\/div>\n\t\t\t<\/div>\n\t\t\t<div class=\"container\">\n\t\t\t\t<div class=\"row\">\n\t\t\t\t\t<div class=\"col-12\">\n\t\t\t\t\t\t<div class=\"icons__wrapper\">\n\t\t\t\t\t\t\t\t\t\t\t\t\t\t\t<article>\n\t\t\t\t\t\t\t\t\t<img decoding=\"async\" src=\"https:\/\/sbm-rail.com\/wp-content\/uploads\/2023\/08\/01.svg\" alt=\"Sicherheit und Gesundheit\">\n\t\t\t\t\t\t\t\t\t<h3>Sicherheit und Gesundheit<\/h3>\n\t\t\t\t\t\t\t\t\tWir k\u00fcmmern uns st\u00e4ndig um die Sicherheit unserer Mitarbeiter und sorgen f\u00fcr ein gesundes Arbeitsumfeld. Wir beseitigen Bedrohungen und reduzieren Risiken f\u00fcr Gesundheit und Sicherheit am Arbeitsplatz, verhindern Arbeitsunf\u00e4lle, Berufskrankheiten und potenzielle Unfallereignisse. Wir besprechen Gesundheits- und Sicherheitsfragen mit Arbeitnehmervertretern.\t\t\t\t\t\t\t\t<\/article>\n\t\t\t\t\t\t\t\t\t\t\t\t\t\t\t<article>\n\t\t\t\t\t\t\t\t\t<img decoding=\"async\" src=\"https:\/\/sbm-rail.com\/wp-content\/uploads\/2023\/08\/02.svg\" alt=\"Nachhaltigkeit und Umwelt\">\n\t\t\t\t\t\t\t\t\t<h3>Nachhaltigkeit und Umwelt<\/h3>\n\t\t\t\t\t\t\t\t\tWir verbessern die Lebensqualit\u00e4t und sch\u00fctzen die Umwelt. Wir verhindern Umweltverschmutzung, sind uns der Auswirkungen erheblicher Umweltaspekte auf die Umgebung bewusst und bem\u00fchen uns, diese zu reduzieren. Wir verpflichten uns, alle im Rahmen der Organisation relevanten Verpflichtungen zu erf\u00fcllen und \u00f6kologische Gesetze, Vorschriften und Standards einzuhalten.\t\t\t\t\t\t\t\t<\/article>\n\t\t\t\t\t\t\t\t\t\t\t\t\t\t\t<article>\n\t\t\t\t\t\t\t\t\t<img decoding=\"async\" src=\"https:\/\/sbm-rail.com\/wp-content\/uploads\/2023\/08\/03.svg\" alt=\"Integriertes Managementsystem\">\n\t\t\t\t\t\t\t\t\t<h3>Integriertes Managementsystem<\/h3>\n\t\t\t\t\t\t\t\t\tWir haben ein System implementiert, das auf Qualit\u00e4tsmanagement, Umweltmanagement und Arbeitsschutzmanagement basiert und den Anforderungen der ISO-Normen 9001:2015, 14001:2015 und 45001:2018 entspricht. Wir erkl\u00e4ren die kontinuierliche Verbesserung des Systems und die Bereitstellung von Ressourcen und Mitteln zur Umsetzung dieser Richtlinie.\t\t\t\t\t\t\t\t<\/article>\n\t\t\t\t\t\t\t\t\t\t\t\t\t\t\t<article>\n\t\t\t\t\t\t\t\t\t<img decoding=\"async\" src=\"https:\/\/sbm-rail.com\/wp-content\/uploads\/2023\/08\/04.svg\" alt=\"Menschen\">\n\t\t\t\t\t\t\t\t\t<h3>Menschen<\/h3>\n\t\t\t\t\t\t\t\t\tWir lassen uns von wichtiger und zielgerichteter Arbeit, ambitionierten Entwicklungsm\u00f6glichkeiten und einer erf\u00fcllenden Karriere inspirieren. Wir streben danach, der bevorzugte Arbeitgeber in unserer Branche zu sein.\t\t\t\t\t\t\t\t<\/article>\n\t\t\t\t\t\t\t\t\t\t\t\t\t\t\t<article>\n\t\t\t\t\t\t\t\t\t<img decoding=\"async\" src=\"https:\/\/sbm-rail.com\/wp-content\/uploads\/2023\/08\/05.svg\" alt=\"Diskriminierung entgegenwirken\">\n\t\t\t\t\t\t\t\t\t<h3>Diskriminierung entgegenwirken<\/h3>\n\t\t\t\t\t\t\t\t\tWir haben eine Beauftragte f\u00fcr Gleichbehandlung bestellt, deren Aufgabe es ist, Ma\u00dfnahmen zum Schutz der Arbeitnehmer vor Diskriminierung zu ergreifen.\t\t\t\t\t\t\t\t<\/article>\n\t\t\t\t\t\t\t\t\t\t\t\t\t\t\t<article>\n\t\t\t\t\t\t\t\t\t<img decoding=\"async\" src=\"https:\/\/sbm-rail.com\/wp-content\/uploads\/2023\/08\/06.svg\" alt=\"Qualit\u00e4t\">\n\t\t\t\t\t\t\t\t\t<h3>Qualit\u00e4t<\/h3>\n\t\t\t\t\t\t\t\t\tWir sind st\u00e4ndig bestrebt, die Qualit\u00e4t unserer Arbeit zu verbessern, denn unser Ruf h\u00e4ngt von dem Wert ab, den wir in den Augen unserer Kunden und Gemeinschaften liefern.\t\t\t\t\t\t\t\t<\/article>\n\t\t\t\t\t\t\t\t\t\t\t\t\t\t\t<article>\n\t\t\t\t\t\t\t\t\t<img decoding=\"async\" src=\"https:\/\/sbm-rail.com\/wp-content\/uploads\/2023\/08\/07.svg\" alt=\"Beziehungen\">\n\t\t\t\t\t\t\t\t\t<h3>Beziehungen<\/h3>\n\t\t\t\t\t\t\t\t\tWir bauen positive, langfristige Beziehungen zu unseren Kunden, Partnern, Subunternehmern, Lieferanten und Kollegen auf. Basierend auf Vertrauen, Respekt und Zusammenarbeit.\t\t\t\t\t\t\t\t<\/article>\n\t\t\t\t\t\t\t\t\t\t\t\t\t\t\t<article>\n\t\t\t\t\t\t\t\t\t<img decoding=\"async\" src=\"https:\/\/sbm-rail.com\/wp-content\/uploads\/2023\/08\/08.svg\" alt=\"Innovationen\">\n\t\t\t\t\t\t\t\t\t<h3>Innovationen<\/h3>\n\t\t\t\t\t\t\t\t\tWir nutzen effiziente und neueste Technologien auf dem Markt. Wir h\u00f6ren zu, lernen und lassen uns von guten Ideen inspirieren. Wir geben uns nicht mit Selbstzufriedenheit zufrieden, sondern streben danach, uns st\u00e4ndig zu verbessern.\t\t\t\t\t\t\t\t<\/article>\n\t\t\t\t\t\t\t\t\t\t\t\t\t\t\t<article>\n\t\t\t\t\t\t\t\t\t<img decoding=\"async\" src=\"https:\/\/sbm-rail.com\/wp-content\/uploads\/2023\/08\/09.svg\" alt=\"Kultur\">\n\t\t\t\t\t\t\t\t\t<h3>Kultur<\/h3>\n\t\t\t\t\t\t\t\t\tWir schaffen aktiv eine auf gegenseitigem Respekt basierende Arbeitsumgebung, ermutigen zur Offenheit und unterst\u00fctzen Teamarbeit. Wir sind stolz auf das, was und wie wir es tun. Wir handeln stets gem\u00e4\u00df den gesetzlichen Bestimmungen und anderen Anforderungen, die unsere Organisation betreffen.\t\t\t\t\t\t\t\t<\/article>\n\t\t\t\t\t\t\t\t\t\t\t\t\t<\/div>\n\t\t\t\t\t<\/div>\n\t\t\t\t<\/div>\n\t\t\t<\/div>\n\t\t<\/section>\n\t\t","protected":false},"excerpt":{"rendered":"","protected":false},"author":4,"featured_media":0,"parent":0,"menu_order":0,"comment_status":"closed","ping_status":"closed","template":"","meta":{"_acf_changed":false,"footnotes":""},"class_list":["post-1327","page","type-page","status-publish","hentry"],"acf":[],"yoast_head":"<!-- This site is optimized with the Yoast SEO plugin v27.5 - https:\/\/yoast.com\/product\/yoast-seo-wordpress\/ -->\n<title>Nachhaltige Entwicklung - sbm-rail.com<\/title>\n<meta name=\"robots\" content=\"index, follow, max-snippet:-1, max-image-preview:large, max-video-preview:-1\" \/>\n<link rel=\"canonical\" href=\"https:\/\/sbm-rail.com\/de\/nachhaltige-entwicklung\/\" \/>\n<meta property=\"og:locale\" content=\"de_DE\" \/>\n<meta property=\"og:type\" content=\"article\" \/>\n<meta property=\"og:title\" content=\"Nachhaltige Entwicklung - sbm-rail.com\" \/>\n<meta property=\"og:url\" content=\"https:\/\/sbm-rail.com\/de\/nachhaltige-entwicklung\/\" \/>\n<meta property=\"og:site_name\" content=\"sbm-rail.com\" \/>\n<meta property=\"article:modified_time\" content=\"2023-11-06T08:55:37+00:00\" \/>\n<meta name=\"twitter:card\" content=\"summary_large_image\" \/>\n<script type=\"application\/ld+json\" class=\"yoast-schema-graph\">{\"@context\":\"https:\\\/\\\/schema.org\",\"@graph\":[{\"@type\":\"WebPage\",\"@id\":\"https:\\\/\\\/sbm-rail.com\\\/de\\\/nachhaltige-entwicklung\\\/\",\"url\":\"https:\\\/\\\/sbm-rail.com\\\/de\\\/nachhaltige-entwicklung\\\/\",\"name\":\"Nachhaltige Entwicklung - sbm-rail.com\",\"isPartOf\":{\"@id\":\"https:\\\/\\\/sbm-rail.com\\\/#website\"},\"datePublished\":\"2023-08-28T11:09:34+00:00\",\"dateModified\":\"2023-11-06T08:55:37+00:00\",\"breadcrumb\":{\"@id\":\"https:\\\/\\\/sbm-rail.com\\\/de\\\/nachhaltige-entwicklung\\\/#breadcrumb\"},\"inLanguage\":\"de\",\"potentialAction\":[{\"@type\":\"ReadAction\",\"target\":[\"https:\\\/\\\/sbm-rail.com\\\/de\\\/nachhaltige-entwicklung\\\/\"]}]},{\"@type\":\"BreadcrumbList\",\"@id\":\"https:\\\/\\\/sbm-rail.com\\\/de\\\/nachhaltige-entwicklung\\\/#breadcrumb\",\"itemListElement\":[{\"@type\":\"ListItem\",\"position\":1,\"name\":\"Strona g\u0142\u00f3wna\",\"item\":\"https:\\\/\\\/sbm-rail.com\\\/de\\\/\"},{\"@type\":\"ListItem\",\"position\":2,\"name\":\"Nachhaltige Entwicklung\"}]},{\"@type\":\"WebSite\",\"@id\":\"https:\\\/\\\/sbm-rail.com\\\/#website\",\"url\":\"https:\\\/\\\/sbm-rail.com\\\/\",\"name\":\"sbm-rail.com\",\"description\":\"\",\"publisher\":{\"@id\":\"https:\\\/\\\/sbm-rail.com\\\/#organization\"},\"potentialAction\":[{\"@type\":\"SearchAction\",\"target\":{\"@type\":\"EntryPoint\",\"urlTemplate\":\"https:\\\/\\\/sbm-rail.com\\\/?s={search_term_string}\"},\"query-input\":{\"@type\":\"PropertyValueSpecification\",\"valueRequired\":true,\"valueName\":\"search_term_string\"}}],\"inLanguage\":\"de\"},{\"@type\":\"Organization\",\"@id\":\"https:\\\/\\\/sbm-rail.com\\\/#organization\",\"name\":\"sbm-rail.com\",\"url\":\"https:\\\/\\\/sbm-rail.com\\\/\",\"logo\":{\"@type\":\"ImageObject\",\"inLanguage\":\"de\",\"@id\":\"https:\\\/\\\/sbm-rail.com\\\/#\\\/schema\\\/logo\\\/image\\\/\",\"url\":\"https:\\\/\\\/sbm-rail.com\\\/wp-content\\\/uploads\\\/2023\\\/08\\\/logo.svg\",\"contentUrl\":\"https:\\\/\\\/sbm-rail.com\\\/wp-content\\\/uploads\\\/2023\\\/08\\\/logo.svg\",\"caption\":\"sbm-rail.com\"},\"image\":{\"@id\":\"https:\\\/\\\/sbm-rail.com\\\/#\\\/schema\\\/logo\\\/image\\\/\"}}]}<\/script>\n<!-- \/ Yoast SEO plugin. -->","yoast_head_json":{"title":"Nachhaltige Entwicklung - sbm-rail.com","robots":{"index":"index","follow":"follow","max-snippet":"max-snippet:-1","max-image-preview":"max-image-preview:large","max-video-preview":"max-video-preview:-1"},"canonical":"https:\/\/sbm-rail.com\/de\/nachhaltige-entwicklung\/","og_locale":"de_DE","og_type":"article","og_title":"Nachhaltige Entwicklung - sbm-rail.com","og_url":"https:\/\/sbm-rail.com\/de\/nachhaltige-entwicklung\/","og_site_name":"sbm-rail.com","article_modified_time":"2023-11-06T08:55:37+00:00","twitter_card":"summary_large_image","schema":{"@context":"https:\/\/schema.org","@graph":[{"@type":"WebPage","@id":"https:\/\/sbm-rail.com\/de\/nachhaltige-entwicklung\/","url":"https:\/\/sbm-rail.com\/de\/nachhaltige-entwicklung\/","name":"Nachhaltige Entwicklung - sbm-rail.com","isPartOf":{"@id":"https:\/\/sbm-rail.com\/#website"},"datePublished":"2023-08-28T11:09:34+00:00","dateModified":"2023-11-06T08:55:37+00:00","breadcrumb":{"@id":"https:\/\/sbm-rail.com\/de\/nachhaltige-entwicklung\/#breadcrumb"},"inLanguage":"de","potentialAction":[{"@type":"ReadAction","target":["https:\/\/sbm-rail.com\/de\/nachhaltige-entwicklung\/"]}]},{"@type":"BreadcrumbList","@id":"https:\/\/sbm-rail.com\/de\/nachhaltige-entwicklung\/#breadcrumb","itemListElement":[{"@type":"ListItem","position":1,"name":"Strona g\u0142\u00f3wna","item":"https:\/\/sbm-rail.com\/de\/"},{"@type":"ListItem","position":2,"name":"Nachhaltige Entwicklung"}]},{"@type":"WebSite","@id":"https:\/\/sbm-rail.com\/#website","url":"https:\/\/sbm-rail.com\/","name":"sbm-rail.com","description":"","publisher":{"@id":"https:\/\/sbm-rail.com\/#organization"},"potentialAction":[{"@type":"SearchAction","target":{"@type":"EntryPoint","urlTemplate":"https:\/\/sbm-rail.com\/?s={search_term_string}"},"query-input":{"@type":"PropertyValueSpecification","valueRequired":true,"valueName":"search_term_string"}}],"inLanguage":"de"},{"@type":"Organization","@id":"https:\/\/sbm-rail.com\/#organization","name":"sbm-rail.com","url":"https:\/\/sbm-rail.com\/","logo":{"@type":"ImageObject","inLanguage":"de","@id":"https:\/\/sbm-rail.com\/#\/schema\/logo\/image\/","url":"https:\/\/sbm-rail.com\/wp-content\/uploads\/2023\/08\/logo.svg","contentUrl":"https:\/\/sbm-rail.com\/wp-content\/uploads\/2023\/08\/logo.svg","caption":"sbm-rail.com"},"image":{"@id":"https:\/\/sbm-rail.com\/#\/schema\/logo\/image\/"}}]}},"_links":{"self":[{"href":"https:\/\/sbm-rail.com\/de\/wp-json\/wp\/v2\/pages\/1327","targetHints":{"allow":["GET"]}}],"collection":[{"href":"https:\/\/sbm-rail.com\/de\/wp-json\/wp\/v2\/pages"}],"about":[{"href":"https:\/\/sbm-rail.com\/de\/wp-json\/wp\/v2\/types\/page"}],"author":[{"embeddable":true,"href":"https:\/\/sbm-rail.com\/de\/wp-json\/wp\/v2\/users\/4"}],"replies":[{"embeddable":true,"href":"https:\/\/sbm-rail.com\/de\/wp-json\/wp\/v2\/comments?post=1327"}],"version-history":[{"count":5,"href":"https:\/\/sbm-rail.com\/de\/wp-json\/wp\/v2\/pages\/1327\/revisions"}],"predecessor-version":[{"id":1499,"href":"https:\/\/sbm-rail.com\/de\/wp-json\/wp\/v2\/pages\/1327\/revisions\/1499"}],"wp:attachment":[{"href":"https:\/\/sbm-rail.com\/de\/wp-json\/wp\/v2\/media?parent=1327"}],"curies":[{"name":"wp","href":"https:\/\/api.w.org\/{rel}","templated":true}]}}