{"id":1321,"date":"2023-09-26T15:20:39","date_gmt":"2023-09-26T15:20:39","guid":{"rendered":"https:\/\/sbm-rail.com\/realizacje\/"},"modified":"2023-10-23T10:10:45","modified_gmt":"2023-10-23T10:10:45","slug":"projekte","status":"publish","type":"page","link":"https:\/\/sbm-rail.com\/de\/projekte\/","title":{"rendered":"Projekte"},"content":{"rendered":"\t\t<section class=\"page-header\" style=\"background-image: url('https:\/\/sbm-rail.com\/wp-content\/uploads\/2023\/09\/BG-1.png\">\n\t\t\t<div class=\"container\">\n\t\t\t\t<div class=\"row\">\n\t\t\t\t\t<div class=\"col-12\">\n\t\t\t\t\t<h1>Projekte<\/h1>\t\t\t\t\t<\/div>\n\t\t\t\t<\/div>\n\t\t\t<\/div>\n\t\t<\/section>\n\t\t\n\n\t\t<section id=\"nasze-portfolio\" class=\"portfolio\">\n\t\t\t<div class=\"title-wrapper\">\n\t\t\t\t<div class=\"container\">\n\t\t\t\t\t<div class=\"row\">\n\t\t\t\t\t\t<div class=\"col-12\">\n\t\t\t\t\t\t\t<h2><span>Unsere  <strong>Projekte<\/strong><\/span><\/h2>\n\t\t\t\t\t\t<\/div>\n\t\t\t\t\t<\/div>\n\t\t\t\t<\/div>\n\t\t\t<\/div>\n\t\t\t<div class=\"container\">\n\t\t\t\t<div class=\"row\">\n\t\t\t\t\t<div class=\"portfolio__list\">\n\t\t\t\t\t\t\t\t\t\t\t\t<article>\n\t\t\t\t\t\t\t\t<div class=\"photo\" style=\"background-image: url('https:\/\/sbm-rail.com\/wp-content\/uploads\/2023\/09\/34446_5.jpg\"><\/div>\n\t\t\t\t\t\t\t\t<div class=\"description\">\n\t\t\t\t\t\t\t\t\t<div class=\"left\">\n\t\t\t\t\t\t\t\t\t\t<div class=\"portfolio-title\">\n\t\t\t\t\t\t\t\t\t\t\t\t\t\t\t\t\t\t\t\t\t\t\t<h3>Umbau von Gleisanlagen zusammen mit begleitender Infrastruktur auf der Eisenbahnstrecke E59, Abschnitt: Stargard &#8211; Szczecin D\u0105bie<\/h3>\n\t\t\t\t\t\t\t\t\t\t\t\t\t\t\t\t\t\t\t\t\t\t\t\t\t\t\t\t\t\t\t\t<\/div>\n\t\t\t\t\t\t\t\t\t\t<p class=\"p1\">Umbau von Gleisanlagen und begleitender Infrastruktur auf der Eisenbahnstrecke E59, Abschnitt: Stargard &#8211; Szczecin D\u0105bie (LOT G) im Rahmen des Projekts &#8222;Arbeiten an der Eisenbahnstrecke E59, Abschnitt Pozna\u0144 G\u0142\u00f3wny &#8211; Szczecin D\u0105bie&#8220;.<\/p>\n\t\t\t\t\t\t\t\t\t<\/div>\n\t\t\t\t\t\t\t\t\t<div class=\"right\">\n\t\t\t\t\t\t\t\t\t\t\t\t\t\t\t\t\t\t\t\t\t<h5>Eisenbahnbau<\/h5>\n\t\t\t\t\t\t\t\t\t\t\t\t\t\t\t\t\t\t\t\t<a href=\"https:\/\/sbm-rail.com\/de\/realizations\/umbau-von-gleisanlagen-zusammen-mit-begleitender-infrastruktur-auf-der-eisenbahnstrecke-e59-abschnitt-stargard-szczecin-dabie\/\">\n\t\t\t\t\t\t\t\t\t\t\t<img decoding=\"async\" src=\"https:\/\/sbm-rail.com\/wp-content\/themes\/sbm\/assets\/svg\/arrow-red.svg\" alt=\"Eisenbahnbau\">\n\t\t\t\t\t\t\t\t\t\t<\/a>\n\t\t\t\t\t\t\t\t\t<\/div>\n\t\t\t\t\t\t\t\t<\/div>\n\t\t\t\t\t\t\t<\/article>\n\t\t\t\t\t\t\t\t\t\t\t\t\t<article>\n\t\t\t\t\t\t\t\t<div class=\"photo\" style=\"background-image: url('https:\/\/sbm-rail.com\/wp-content\/uploads\/2023\/09\/34445_3.jpg\"><\/div>\n\t\t\t\t\t\t\t\t<div class=\"description\">\n\t\t\t\t\t\t\t\t\t<div class=\"left\">\n\t\t\t\t\t\t\t\t\t\t<div class=\"portfolio-title\">\n\t\t\t\t\t\t\t\t\t\t\t\t\t\t\t\t\t\t\t\t\t\t\t<h3>Umbau von Gleisanlagen zusammen mit begleitender Infrastruktur auf der Eisenbahnstrecke E59, Abschnitt: Choszczno \u2013 Stargard<\/h3>\n\t\t\t\t\t\t\t\t\t\t\t\t\t\t\t\t\t\t\t\t\t\t\t\t\t\t\t\t\t\t\t\t<\/div>\n\t\t\t\t\t\t\t\t\t\t<p class=\"p1\">Umbau von Gleisanlagen und begleitender Infrastruktur auf der Eisenbahnstrecke E59, Abschnitt: Choszczno \u2013 Stargard (LOT F) im Rahmen des Projekts &#8222;Arbeiten an der Eisenbahnstrecke E59, Abschnitt Pozna\u0144 G\u0142\u00f3wny \u2013 Szczecin D\u0105bie&#8220;.<\/p>\n\t\t\t\t\t\t\t\t\t<\/div>\n\t\t\t\t\t\t\t\t\t<div class=\"right\">\n\t\t\t\t\t\t\t\t\t\t\t\t\t\t\t\t\t\t\t\t\t<h5>Eisenbahnbau<\/h5>\n\t\t\t\t\t\t\t\t\t\t\t\t\t\t\t\t\t\t\t\t<a href=\"https:\/\/sbm-rail.com\/de\/realizations\/umbau-von-gleisanlagen-zusammen-mit-begleitender-infrastruktur-auf-der-eisenbahnstrecke-e59-abschnitt-choszczno-stargard\/\">\n\t\t\t\t\t\t\t\t\t\t\t<img decoding=\"async\" src=\"https:\/\/sbm-rail.com\/wp-content\/themes\/sbm\/assets\/svg\/arrow-red.svg\" alt=\"Eisenbahnbau\">\n\t\t\t\t\t\t\t\t\t\t<\/a>\n\t\t\t\t\t\t\t\t\t<\/div>\n\t\t\t\t\t\t\t\t<\/div>\n\t\t\t\t\t\t\t<\/article>\n\t\t\t\t\t\t\t\t\t\t\t\t\t<article>\n\t\t\t\t\t\t\t\t<div class=\"photo\" style=\"background-image: url('https:\/\/sbm-rail.com\/wp-content\/uploads\/2023\/09\/20230905_104138-scaled.jpg\"><\/div>\n\t\t\t\t\t\t\t\t<div class=\"description\">\n\t\t\t\t\t\t\t\t\t<div class=\"left\">\n\t\t\t\t\t\t\t\t\t\t<div class=\"portfolio-title\">\n\t\t\t\t\t\t\t\t\t\t\t\t\t\t\t\t\t\t\t\t\t\t\t<h3>Sanierung der Eisenbahnlinie Nr. 285 im Abschnitt Wroc\u0142aw G\u0142\u00f3wny \u2013 \u015awidnica Przedmie\u015bcie<\/h3>\n\t\t\t\t\t\t\t\t\t\t\t\t\t\t\t\t\t\t\t\t\t\t\t\t\t\t\t\t\t\t\t\t<\/div>\n\t\t\t\t\t\t\t\t\t\t<p class=\"p1\">Erstellung der Projektunterlagen und Durchf\u00fchrung von Bauma\u00dfnahmen im Rahmen des Projekts &#8222;Sanierung der Eisenbahnlinie Nr. 285 im Abschnitt Wroc\u0142aw G\u0142\u00f3wny \u2013 \u015awidnica Przedmie\u015bcie zusammen mit der Linie Nr. 771 \u015awidnica Przedmie\u015bcie \u2013 \u015awidnica Miasto\u201d.<\/p>\n\t\t\t\t\t\t\t\t\t<\/div>\n\t\t\t\t\t\t\t\t\t<div class=\"right\">\n\t\t\t\t\t\t\t\t\t\t\t\t\t\t\t\t\t\t\t\t\t<h5>Eisenbahnbau<\/h5>\n\t\t\t\t\t\t\t\t\t\t\t\t\t\t\t\t\t\t\t\t<a href=\"https:\/\/sbm-rail.com\/de\/realizations\/sanierung-der-eisenbahnlinie-nr-285-im-abschnitt-wroclaw-glowny-swidnica-przedmiescie\/\">\n\t\t\t\t\t\t\t\t\t\t\t<img decoding=\"async\" src=\"https:\/\/sbm-rail.com\/wp-content\/themes\/sbm\/assets\/svg\/arrow-red.svg\" alt=\"Eisenbahnbau\">\n\t\t\t\t\t\t\t\t\t\t<\/a>\n\t\t\t\t\t\t\t\t\t<\/div>\n\t\t\t\t\t\t\t\t<\/div>\n\t\t\t\t\t\t\t<\/article>\n\t\t\t\t\t\t\t\t\t\t\t\t\t<article>\n\t\t\t\t\t\t\t\t<div class=\"photo\" style=\"background-image: url('https:\/\/sbm-rail.com\/wp-content\/uploads\/2023\/09\/IMG_20210614_131129458_HDR.png\"><\/div>\n\t\t\t\t\t\t\t\t<div class=\"description\">\n\t\t\t\t\t\t\t\t\t<div class=\"left\">\n\t\t\t\t\t\t\t\t\t\t<div class=\"portfolio-title\">\n\t\t\t\t\t\t\t\t\t\t\t\t\t\t\t\t\t\t\t\t\t\t\t<h3>Sanierung der Eisenbahnlinie Nr. 410 und der Verladestellen am Bahnhof Z\u0142ocieniec<\/h3>\n\t\t\t\t\t\t\t\t\t\t\t\t\t\t\t\t\t\t\t\t\t\t\t\t\t\t\t\t\t\t\t\t<\/div>\n\t\t\t\t\t\t\t\t\t\t<p class=\"p1\">Erstellung der Projektunterlagen und Durchf\u00fchrung von Bauma\u00dfnahmen f\u00fcr das Projekt &#8222;Sanierung der Eisenbahnlinie Nr. 410 und der Verladestellen am Bahnhof Z\u0142ocieniec&#8220;.<\/p>\n\t\t\t\t\t\t\t\t\t<\/div>\n\t\t\t\t\t\t\t\t\t<div class=\"right\">\n\t\t\t\t\t\t\t\t\t\t\t\t\t\t\t\t\t\t\t\t\t<h5>Eisenbahnbau<\/h5>\n\t\t\t\t\t\t\t\t\t\t\t\t\t\t\t\t\t\t\t\t<a href=\"https:\/\/sbm-rail.com\/de\/realizations\/sanierung-der-eisenbahnlinie-nr-410-und-der-verladestellen-am-bahnhof-zlocieniec\/\">\n\t\t\t\t\t\t\t\t\t\t\t<img decoding=\"async\" src=\"https:\/\/sbm-rail.com\/wp-content\/themes\/sbm\/assets\/svg\/arrow-red.svg\" alt=\"Eisenbahnbau\">\n\t\t\t\t\t\t\t\t\t\t<\/a>\n\t\t\t\t\t\t\t\t\t<\/div>\n\t\t\t\t\t\t\t\t<\/div>\n\t\t\t\t\t\t\t<\/article>\n\t\t\t\t\t\t\t\t\t\t\t\t\t\n\t\t\t\t\t<\/div>\n\t\t\t\t<\/div>\n\t\t\t\t\t\t\t<\/div>\n\t\t<\/section>\n\t\t","protected":false},"excerpt":{"rendered":"","protected":false},"author":4,"featured_media":0,"parent":0,"menu_order":0,"comment_status":"closed","ping_status":"closed","template":"","meta":{"_acf_changed":false,"footnotes":""},"class_list":["post-1321","page","type-page","status-publish","hentry"],"acf":[],"yoast_head":"<!-- This site is optimized with the Yoast SEO plugin v27.5 - https:\/\/yoast.com\/product\/yoast-seo-wordpress\/ -->\n<title>Projekte - sbm-rail.com<\/title>\n<meta name=\"robots\" content=\"index, follow, max-snippet:-1, max-image-preview:large, max-video-preview:-1\" \/>\n<link rel=\"canonical\" href=\"https:\/\/sbm-rail.com\/de\/projekte\/\" \/>\n<meta property=\"og:locale\" content=\"de_DE\" \/>\n<meta property=\"og:type\" content=\"article\" \/>\n<meta property=\"og:title\" content=\"Projekte - sbm-rail.com\" \/>\n<meta property=\"og:url\" content=\"https:\/\/sbm-rail.com\/de\/projekte\/\" \/>\n<meta property=\"og:site_name\" content=\"sbm-rail.com\" \/>\n<meta property=\"article:modified_time\" content=\"2023-10-23T10:10:45+00:00\" \/>\n<meta name=\"twitter:card\" content=\"summary_large_image\" \/>\n<script type=\"application\/ld+json\" class=\"yoast-schema-graph\">{\"@context\":\"https:\\\/\\\/schema.org\",\"@graph\":[{\"@type\":\"WebPage\",\"@id\":\"https:\\\/\\\/sbm-rail.com\\\/de\\\/projekte\\\/\",\"url\":\"https:\\\/\\\/sbm-rail.com\\\/de\\\/projekte\\\/\",\"name\":\"Projekte - sbm-rail.com\",\"isPartOf\":{\"@id\":\"https:\\\/\\\/sbm-rail.com\\\/#website\"},\"datePublished\":\"2023-09-26T15:20:39+00:00\",\"dateModified\":\"2023-10-23T10:10:45+00:00\",\"breadcrumb\":{\"@id\":\"https:\\\/\\\/sbm-rail.com\\\/de\\\/projekte\\\/#breadcrumb\"},\"inLanguage\":\"de\",\"potentialAction\":[{\"@type\":\"ReadAction\",\"target\":[\"https:\\\/\\\/sbm-rail.com\\\/de\\\/projekte\\\/\"]}]},{\"@type\":\"BreadcrumbList\",\"@id\":\"https:\\\/\\\/sbm-rail.com\\\/de\\\/projekte\\\/#breadcrumb\",\"itemListElement\":[{\"@type\":\"ListItem\",\"position\":1,\"name\":\"Strona g\u0142\u00f3wna\",\"item\":\"https:\\\/\\\/sbm-rail.com\\\/de\\\/\"},{\"@type\":\"ListItem\",\"position\":2,\"name\":\"Projekte\"}]},{\"@type\":\"WebSite\",\"@id\":\"https:\\\/\\\/sbm-rail.com\\\/#website\",\"url\":\"https:\\\/\\\/sbm-rail.com\\\/\",\"name\":\"sbm-rail.com\",\"description\":\"\",\"publisher\":{\"@id\":\"https:\\\/\\\/sbm-rail.com\\\/#organization\"},\"potentialAction\":[{\"@type\":\"SearchAction\",\"target\":{\"@type\":\"EntryPoint\",\"urlTemplate\":\"https:\\\/\\\/sbm-rail.com\\\/?s={search_term_string}\"},\"query-input\":{\"@type\":\"PropertyValueSpecification\",\"valueRequired\":true,\"valueName\":\"search_term_string\"}}],\"inLanguage\":\"de\"},{\"@type\":\"Organization\",\"@id\":\"https:\\\/\\\/sbm-rail.com\\\/#organization\",\"name\":\"sbm-rail.com\",\"url\":\"https:\\\/\\\/sbm-rail.com\\\/\",\"logo\":{\"@type\":\"ImageObject\",\"inLanguage\":\"de\",\"@id\":\"https:\\\/\\\/sbm-rail.com\\\/#\\\/schema\\\/logo\\\/image\\\/\",\"url\":\"https:\\\/\\\/sbm-rail.com\\\/wp-content\\\/uploads\\\/2023\\\/08\\\/logo.svg\",\"contentUrl\":\"https:\\\/\\\/sbm-rail.com\\\/wp-content\\\/uploads\\\/2023\\\/08\\\/logo.svg\",\"caption\":\"sbm-rail.com\"},\"image\":{\"@id\":\"https:\\\/\\\/sbm-rail.com\\\/#\\\/schema\\\/logo\\\/image\\\/\"}}]}<\/script>\n<!-- \/ Yoast SEO plugin. -->","yoast_head_json":{"title":"Projekte - sbm-rail.com","robots":{"index":"index","follow":"follow","max-snippet":"max-snippet:-1","max-image-preview":"max-image-preview:large","max-video-preview":"max-video-preview:-1"},"canonical":"https:\/\/sbm-rail.com\/de\/projekte\/","og_locale":"de_DE","og_type":"article","og_title":"Projekte - sbm-rail.com","og_url":"https:\/\/sbm-rail.com\/de\/projekte\/","og_site_name":"sbm-rail.com","article_modified_time":"2023-10-23T10:10:45+00:00","twitter_card":"summary_large_image","schema":{"@context":"https:\/\/schema.org","@graph":[{"@type":"WebPage","@id":"https:\/\/sbm-rail.com\/de\/projekte\/","url":"https:\/\/sbm-rail.com\/de\/projekte\/","name":"Projekte - sbm-rail.com","isPartOf":{"@id":"https:\/\/sbm-rail.com\/#website"},"datePublished":"2023-09-26T15:20:39+00:00","dateModified":"2023-10-23T10:10:45+00:00","breadcrumb":{"@id":"https:\/\/sbm-rail.com\/de\/projekte\/#breadcrumb"},"inLanguage":"de","potentialAction":[{"@type":"ReadAction","target":["https:\/\/sbm-rail.com\/de\/projekte\/"]}]},{"@type":"BreadcrumbList","@id":"https:\/\/sbm-rail.com\/de\/projekte\/#breadcrumb","itemListElement":[{"@type":"ListItem","position":1,"name":"Strona g\u0142\u00f3wna","item":"https:\/\/sbm-rail.com\/de\/"},{"@type":"ListItem","position":2,"name":"Projekte"}]},{"@type":"WebSite","@id":"https:\/\/sbm-rail.com\/#website","url":"https:\/\/sbm-rail.com\/","name":"sbm-rail.com","description":"","publisher":{"@id":"https:\/\/sbm-rail.com\/#organization"},"potentialAction":[{"@type":"SearchAction","target":{"@type":"EntryPoint","urlTemplate":"https:\/\/sbm-rail.com\/?s={search_term_string}"},"query-input":{"@type":"PropertyValueSpecification","valueRequired":true,"valueName":"search_term_string"}}],"inLanguage":"de"},{"@type":"Organization","@id":"https:\/\/sbm-rail.com\/#organization","name":"sbm-rail.com","url":"https:\/\/sbm-rail.com\/","logo":{"@type":"ImageObject","inLanguage":"de","@id":"https:\/\/sbm-rail.com\/#\/schema\/logo\/image\/","url":"https:\/\/sbm-rail.com\/wp-content\/uploads\/2023\/08\/logo.svg","contentUrl":"https:\/\/sbm-rail.com\/wp-content\/uploads\/2023\/08\/logo.svg","caption":"sbm-rail.com"},"image":{"@id":"https:\/\/sbm-rail.com\/#\/schema\/logo\/image\/"}}]}},"_links":{"self":[{"href":"https:\/\/sbm-rail.com\/de\/wp-json\/wp\/v2\/pages\/1321","targetHints":{"allow":["GET"]}}],"collection":[{"href":"https:\/\/sbm-rail.com\/de\/wp-json\/wp\/v2\/pages"}],"about":[{"href":"https:\/\/sbm-rail.com\/de\/wp-json\/wp\/v2\/types\/page"}],"author":[{"embeddable":true,"href":"https:\/\/sbm-rail.com\/de\/wp-json\/wp\/v2\/users\/4"}],"replies":[{"embeddable":true,"href":"https:\/\/sbm-rail.com\/de\/wp-json\/wp\/v2\/comments?post=1321"}],"version-history":[{"count":2,"href":"https:\/\/sbm-rail.com\/de\/wp-json\/wp\/v2\/pages\/1321\/revisions"}],"predecessor-version":[{"id":1436,"href":"https:\/\/sbm-rail.com\/de\/wp-json\/wp\/v2\/pages\/1321\/revisions\/1436"}],"wp:attachment":[{"href":"https:\/\/sbm-rail.com\/de\/wp-json\/wp\/v2\/media?parent=1321"}],"curies":[{"name":"wp","href":"https:\/\/api.w.org\/{rel}","templated":true}]}}