{"id":1319,"date":"2023-08-01T10:07:51","date_gmt":"2023-08-01T10:07:51","guid":{"rendered":"https:\/\/sbm-rail.com\/polityka-prywatnosci\/"},"modified":"2025-02-26T08:55:20","modified_gmt":"2025-02-26T08:55:20","slug":"datenschutzrichtlinie","status":"publish","type":"page","link":"https:\/\/sbm-rail.com\/de\/datenschutzrichtlinie\/","title":{"rendered":"Datenschutzrichtlinie"},"content":{"rendered":"\t\t<section class=\"page-header\" style=\"background-image: url('https:\/\/sbm-rail.com\/wp-content\/uploads\/2023\/09\/BG7.png\">\n\t\t\t<div class=\"container\">\n\t\t\t\t<div class=\"row\">\n\t\t\t\t\t<div class=\"col-12\">\n\t\t\t\t\t<h1>Datenschutzrichtlinie<\/h1>\t\t\t\t\t<\/div>\n\t\t\t\t<\/div>\n\t\t\t<\/div>\n\t\t<\/section>\n\t\t\n\n\n<h1 class=\"wp-block-heading has-text-align-center\" style=\"font-style:normal;font-weight:800\">SBM Sp. z o.o. Sp. k.<\/h1>\n\n\n\t\t<section class=\"privacy-policy-txt\">\n\t\t<div class=\"title-wrapper\">\n\t\t\t<div class=\"container\">\n\t\t\t\t<div class=\"row\">\n\t\t\t\t\t<div class=\"col-12\" id=\"kim-jestesmy\">\n\t\t\t\t\t\t<h2><span>Datenschutzrichtlinie<\/strong><\/span><\/h2>\n\t\t\t\t\t<\/div>\n\t\t\t\t<\/div>\n\t\t\t<\/div>\n\t\t<\/div>\n\t\t\t<div class=\"container\">\n\t\t\t\t<div class=\"row\">\n\t\t\t\t\t<article>\n\t\t\t\t\t\t<p data-pm-slice=\"1 3 []\">Gem\u00e4\u00df Artikel 13 der Verordnung (EU) 2016\/679 des Europ\u00e4ischen Parlaments und des Rates vom 27. April 2016 zum Schutz nat\u00fcrlicher Personen bei der Verarbeitung personenbezogener Daten, zum freien Datenverkehr und zur Aufhebung der Richtlinie 95\/46\/EG (Datenschutz-Grundverordnung, im Folgenden &#8222;DSGVO&#8220;) informiert SBM Sp. z o.o. Sp. k. dar\u00fcber, dass:<\/p>\n<ol start=\"1\" data-spread=\"true\">\n<li>Diese Datenschutzrichtlinie legt die Grunds\u00e4tze der Verarbeitung und des Schutzes personenbezogener Daten fest, die von Nutzern im Zusammenhang mit der Nutzung der Website <a>https:\/\/sbm-rail.com<\/a> (im Folgenden: Website) bereitgestellt werden.<\/li>\n<li>Der Verantwortliche f\u00fcr die Verarbeitung personenbezogener Daten auf der Website <a>https:\/\/sbm-rail.com<\/a> (im Folgenden: Website) ist SBM Sp. z o.o. Sp. k. mit Sitz in Wroc\u0142aw, Adresse: ul. Kleci\u0144ska 123, 54-413 Wroc\u0142aw, eingetragen im Unternehmensregister des Landesgerichtsregisters, gef\u00fchrt vom Amtsgericht f\u00fcr Wroc\u0142aw-Fabryczna in Wroc\u0142aw, VI Wirtschaftsabteilung des Landesgerichtsregisters, unter der KRS-Nummer: 0000741666, Steueridentifikationsnummer (NIP): 8943130915, Kontakt: <a>sbm@sbm-rail.com<\/a>, Tel: +48 71 790 58 03.<\/li>\n<li>Der Verantwortliche f\u00fcr personenbezogene Daten hat einen Datenschutzbeauftragten benannt, der in Fragen des Datenschutzes und zur Durchsetzung der eigenen Rechte per E-Mail unter <a>iod@sbm-rail.com<\/a>, telefonisch unter +48 71 790 58 03 oder schriftlich an die Unternehmensadresse kontaktiert werden kann: ul. Kleci\u0144ska 123, 54-413 Wroc\u0142aw.<\/li>\n<li>Personenbezogene Daten werden zu folgenden Zwecken verarbeitet:<\/li>\n<\/ol>\n<ul data-spread=\"false\">\n<li>Name und Vorname, Telefonnummer, E-Mail-Adresse, Wohnadresse \u2013 wenn diese von Ihnen \u00fcber das Kontaktformular auf unserer Website, per Post oder telefonisch bereitgestellt werden,<\/li>\n<li>Steueridentifikationsnummer (NIP) \u2013 erhoben von Unternehmern und Personen, die eine Rechnung mit NIP-Nummer ben\u00f6tigen,<\/li>\n<li>IP-Adresse des Ger\u00e4ts oder Browser-Kennung,<\/li>\n<li>andere Daten, die von Ihnen per Post, E-Mail oder telefonisch bereitgestellt werden.<\/li>\n<\/ul>\n<ol start=\"5\" data-spread=\"false\">\n<li>Personenbezogene Daten werden zu folgenden Zwecken erhoben:<\/li>\n<\/ol>\n<ul data-spread=\"false\">\n<li>Erbringung von Dienstleistungen durch SBM Sp. z o.o. Sp. k.,<\/li>\n<li>Bearbeitung von Anfragen und Benutzeranliegen,<\/li>\n<li>Marketingaktivit\u00e4ten mit Zustimmung des Nutzers,<\/li>\n<li>Entgegennahme von Bewerbungen,<\/li>\n<li>Durchf\u00fchrung statistischer Analysen.<\/li>\n<\/ul>\n<ol start=\"6\" data-spread=\"false\">\n<li>Personenbezogene Daten werden auf Grundlage folgender Rechtsgrundlagen erhoben und gespeichert:<\/li>\n<\/ol>\n<ul data-spread=\"false\">\n<li>Artikel 6 Abs. 1 lit. a) DSGVO,<\/li>\n<li>Artikel 6 Abs. 1 lit. b) DSGVO,<\/li>\n<li>Artikel 6 Abs. 1 lit. c) DSGVO,<\/li>\n<li>Artikel 6 Abs. 1 lit. f) DSGVO,<\/li>\n<li>Artikel 9 Abs. 2 lit. a) DSGVO.<\/li>\n<\/ul>\n<ol start=\"7\" data-spread=\"true\">\n<li>Personenbezogene Daten werden nicht an Drittl\u00e4nder oder internationale Organisationen im Sinne der DSGVO \u00fcbermittelt. Sollte eine solche \u00dcbermittlung erfolgen, werden Sie von dem Verantwortlichen informiert und es werden geeignete Schutzma\u00dfnahmen getroffen.<\/li>\n<li>Empf\u00e4nger personenbezogener Daten k\u00f6nnen nur Stellen sein, die aufgrund gesetzlicher Vorschriften zur Entgegennahme berechtigt sind. Ohne Zustimmung der betroffenen Person werden personenbezogene Daten ausschlie\u00dflich an \u00f6ffentliche Stellen weitergegeben.<\/li>\n<li>Bei Links auf der Website zu sozialen Medien:<\/li>\n<\/ol>\n<ul data-spread=\"false\">\n<li>Facebook \u2013 Daten, insbesondere IP-Adresse oder Browser-Kennung, werden unter gemeinsamer Verantwortung mit Facebook Ireland Ltd., 4 Grand Canal Square, Grand Canal Harbour, Dublin 2, Irland, verarbeitet.<\/li>\n<li>LinkedIn \u2013 Daten, insbesondere IP-Adresse oder Browser-Kennung, werden unter gemeinsamer Verantwortung mit LinkedIn Ireland Unlimited Company, Wilton Place, Dublin 2, Irland, verarbeitet.<\/li>\n<li>Google (Maps) \u2013 Daten, insbesondere IP-Adresse oder Browser-Kennung, werden unter gemeinsamer Verantwortung mit Google Ireland Ltd., 4 Barrow St, D04 E5W5, Dublin, Irland, verarbeitet.<\/li>\n<\/ul>\n<ol start=\"10\" data-spread=\"true\">\n<li>Die Website verwendet die &#8222;Cookies&#8220;-Technologie zu Marketingzwecken. Cookies sind Informatikdaten, insbesondere Textdateien, die auf Ger\u00e4ten wie Computer, Smartphone, Tablet oder \u00e4hnlichen gespeichert werden. Cookies erm\u00f6glichen u. a. die Erkennung des Ger\u00e4ts und die Anzeige der Website entsprechend den individuellen Pr\u00e4ferenzen des Nutzers. Informationen zur Nutzung von Cookies werden beim ersten Besuch der Website automatisch angezeigt. Sie k\u00f6nnen der Speicherung Ihrer Daten zustimmen, um die Website ohne erneute Eingabe der Daten zu nutzen. Falls Sie der Nutzung von Cookies nicht zustimmen, empfehlen wir das Deaktivieren dieser Funktion in Ihren Browsereinstellungen.<\/li>\n<li>Personenbezogene Daten werden bis zum Widerruf der Einwilligung oder bis zur Erledigung des Anliegens gespeichert. Verkehrsdaten, die \u00fcber Cookies erhoben werden, k\u00f6nnen bis zum Ablauf der Cookies gespeichert werden. Einige Cookies haben kein Ablaufdatum, sodass Daten entsprechend den Zwecken der Verarbeitung, wie Sicherheit und historische Analysen des Website-Verkehrs, gespeichert bleiben.<\/li>\n<li>SBM Sp. z o.o. Sp. k. setzt angemessene technische und organisatorische Ma\u00dfnahmen ein, um die Sicherheit der Verarbeitung personenbezogener Daten zu gew\u00e4hrleisten.<\/li>\n<li>Jeder Nutzer der Website hat das Recht:<\/li>\n<\/ol>\n<ul data-spread=\"false\">\n<li>vom Verantwortlichen Zugang zu den Daten sowie eine Kopie der Daten zu verlangen (Art. 15 DSGVO),<\/li>\n<li>Berichtigung oder Vervollst\u00e4ndigung der Daten zu verlangen (Art. 16 DSGVO),<\/li>\n<li>L\u00f6schung der Daten zu verlangen (Art. 17 DSGVO),<\/li>\n<li>Einschr\u00e4nkung der Verarbeitung zu verlangen (Art. 18 DSGVO),<\/li>\n<li>eine Beschwerde bei der Datenschutzbeh\u00f6rde einzureichen.<\/li>\n<\/ul>\n<ol start=\"14\" data-spread=\"true\">\n<li>SBM Sp. z o.o. Sp. k. beh\u00e4lt sich das Recht vor, \u00c4nderungen an dieser Datenschutzrichtlinie vorzunehmen. \u00c4nderungen werden auf der Website ver\u00f6ffentlicht und treten mit der Ver\u00f6ffentlichung in Kraft.<\/li>\n<li>Wenn Sie Anmerkungen, Beschwerden oder Fragen zur Verarbeitung personenbezogener Daten haben, senden Sie bitte eine E-Mail an <a>iod@sbm-rail.com<\/a> oder einen Brief an: SBM Sp. z o.o. Sp. k., ul. Kleci\u0144ska 123, 54-413 Wroc\u0142aw.<\/li>\n<\/ol>\n\t\t\t\t\t<\/article>\n\t\t\t\t<\/div>\n\t\t\t<\/div>\n\t\t<\/section>\n\t\t\n\n\n<h1 class=\"wp-block-heading has-text-align-center\" style=\"font-style:normal;font-weight:800\">SBM Sp. z o.o.<\/h1>\n\n\n\t\t<section class=\"privacy-policy-txt\">\n\t\t<div class=\"title-wrapper\">\n\t\t\t<div class=\"container\">\n\t\t\t\t<div class=\"row\">\n\t\t\t\t\t<div class=\"col-12\" id=\"kim-jestesmy\">\n\t\t\t\t\t\t<h2><span>Datenschutzrichtlinie<\/strong><\/span><\/h2>\n\t\t\t\t\t<\/div>\n\t\t\t\t<\/div>\n\t\t\t<\/div>\n\t\t<\/div>\n\t\t\t<div class=\"container\">\n\t\t\t\t<div class=\"row\">\n\t\t\t\t\t<article>\n\t\t\t\t\t\t<p data-pm-slice=\"1 3 []\">Gem\u00e4\u00df Artikel 13 der Verordnung (EU) 2016\/679 des Europ\u00e4ischen Parlaments und des Rates vom 27. April 2016 zum Schutz nat\u00fcrlicher Personen bei der Verarbeitung personenbezogener Daten, zum freien Datenverkehr und zur Aufhebung der Richtlinie 95\/46\/EG (Datenschutz-Grundverordnung, im Folgenden &#8222;DSGVO&#8220;) informiert SBM Sp. z o.o. dar\u00fcber, dass:<\/p>\n<ol start=\"1\" data-spread=\"true\">\n<li>Diese Datenschutzrichtlinie legt die Grunds\u00e4tze der Verarbeitung und des Schutzes personenbezogener Daten fest, die von Nutzern im Zusammenhang mit der Nutzung der Website <a>https:\/\/sbm-rail.com<\/a> (im Folgenden: Website) bereitgestellt werden.<\/li>\n<li>Der Verantwortliche f\u00fcr die Verarbeitung personenbezogener Daten auf der Website <a>https:\/\/sbm-rail.com<\/a> (im Folgenden: Website) ist SBM Sp. z o.o. mit Sitz in Wroc\u0142aw, Adresse: ul. Kleci\u0144ska 123, 54-413 Wroc\u0142aw, eingetragen im Unternehmensregister des Landesgerichtsregisters, gef\u00fchrt vom Amtsgericht f\u00fcr Wroc\u0142aw-Fabryczna in Wroc\u0142aw, VI Wirtschaftsabteilung des Landesgerichtsregisters, unter der KRS-Nummer: 0000741666, Steueridentifikationsnummer (NIP): 8943130915, Kontakt: <a>sbm@sbm-rail.com<\/a>, Tel: +48 71 790 58 03.<\/li>\n<li>Der Verantwortliche f\u00fcr personenbezogene Daten hat einen Datenschutzbeauftragten benannt, der in Fragen des Datenschutzes und zur Durchsetzung der eigenen Rechte per E-Mail unter <a>iod@sbm-rail.com<\/a>, telefonisch unter +48 71 790 58 03 oder schriftlich an die Unternehmensadresse kontaktiert werden kann: ul. Kleci\u0144ska 123, 54-413 Wroc\u0142aw.<\/li>\n<li>Personenbezogene Daten werden zu folgenden Zwecken verarbeitet:<\/li>\n<\/ol>\n<ul data-spread=\"false\">\n<li>Name und Vorname, Telefonnummer, E-Mail-Adresse, Wohnadresse \u2013 wenn diese von Ihnen \u00fcber das Kontaktformular auf unserer Website, per Post oder telefonisch bereitgestellt werden,<\/li>\n<li>Steueridentifikationsnummer (NIP) \u2013 erhoben von Unternehmern und Personen, die eine Rechnung mit NIP-Nummer ben\u00f6tigen,<\/li>\n<li>IP-Adresse des Ger\u00e4ts oder Browser-Kennung,<\/li>\n<li>andere Daten, die von Ihnen per Post, E-Mail oder telefonisch bereitgestellt werden.<\/li>\n<\/ul>\n<ol start=\"5\" data-spread=\"false\">\n<li>Personenbezogene Daten werden zu folgenden Zwecken erhoben:<\/li>\n<\/ol>\n<ul data-spread=\"false\">\n<li>Erbringung von Dienstleistungen durch SBM Sp. z o.o.,<\/li>\n<li>Bearbeitung von Anfragen und Benutzeranliegen,<\/li>\n<li>Marketingaktivit\u00e4ten mit Zustimmung des Nutzers,<\/li>\n<li>Entgegennahme von Bewerbungen,<\/li>\n<li>Durchf\u00fchrung statistischer Analysen.<\/li>\n<\/ul>\n<ol start=\"6\" data-spread=\"false\">\n<li>Personenbezogene Daten werden auf Grundlage folgender Rechtsgrundlagen erhoben und gespeichert:<\/li>\n<\/ol>\n<ul data-spread=\"false\">\n<li>Artikel 6 Abs. 1 lit. a) DSGVO,<\/li>\n<li>Artikel 6 Abs. 1 lit. b) DSGVO,<\/li>\n<li>Artikel 6 Abs. 1 lit. c) DSGVO,<\/li>\n<li>Artikel 6 Abs. 1 lit. f) DSGVO,<\/li>\n<li>Artikel 9 Abs. 2 lit. a) DSGVO.<\/li>\n<\/ul>\n<ol start=\"7\" data-spread=\"true\">\n<li>Personenbezogene Daten werden nicht an Drittl\u00e4nder oder internationale Organisationen im Sinne der DSGVO \u00fcbermittelt. Sollte eine solche \u00dcbermittlung erfolgen, werden Sie von dem Verantwortlichen informiert und es werden geeignete Schutzma\u00dfnahmen getroffen.<\/li>\n<li>Empf\u00e4nger personenbezogener Daten k\u00f6nnen nur Stellen sein, die aufgrund gesetzlicher Vorschriften zur Entgegennahme berechtigt sind. Ohne Zustimmung der betroffenen Person werden personenbezogene Daten ausschlie\u00dflich an \u00f6ffentliche Stellen weitergegeben.<\/li>\n<li>Bei Links auf der Website zu sozialen Medien:<\/li>\n<\/ol>\n<ul data-spread=\"false\">\n<li>Facebook \u2013 Daten, insbesondere IP-Adresse oder Browser-Kennung, werden unter gemeinsamer Verantwortung mit Facebook Ireland Ltd., 4 Grand Canal Square, Grand Canal Harbour, Dublin 2, Irland, verarbeitet.<\/li>\n<li>LinkedIn \u2013 Daten, insbesondere IP-Adresse oder Browser-Kennung, werden unter gemeinsamer Verantwortung mit LinkedIn Ireland Unlimited Company, Wilton Place, Dublin 2, Irland, verarbeitet.<\/li>\n<li>Google (Maps) \u2013 Daten, insbesondere IP-Adresse oder Browser-Kennung, werden unter gemeinsamer Verantwortung mit Google Ireland Ltd., 4 Barrow St, D04 E5W5, Dublin, Irland, verarbeitet.<\/li>\n<\/ul>\n<ol start=\"10\" data-spread=\"true\">\n<li>Die Website verwendet die &#8222;Cookies&#8220;-Technologie zu Marketingzwecken. Cookies sind Informatikdaten, insbesondere Textdateien, die auf Ger\u00e4ten wie Computer, Smartphone, Tablet oder \u00e4hnlichen gespeichert werden. Cookies erm\u00f6glichen u. a. die Erkennung des Ger\u00e4ts und die Anzeige der Website entsprechend den individuellen Pr\u00e4ferenzen des Nutzers. Informationen zur Nutzung von Cookies werden beim ersten Besuch der Website automatisch angezeigt. Sie k\u00f6nnen der Speicherung Ihrer Daten zustimmen, um die Website ohne erneute Eingabe der Daten zu nutzen. Falls Sie der Nutzung von Cookies nicht zustimmen, empfehlen wir das Deaktivieren dieser Funktion in Ihren Browsereinstellungen.<\/li>\n<li>Personenbezogene Daten werden bis zum Widerruf der Einwilligung oder bis zur Erledigung des Anliegens gespeichert. Verkehrsdaten, die \u00fcber Cookies erhoben werden, k\u00f6nnen bis zum Ablauf der Cookies gespeichert werden. Einige Cookies haben kein Ablaufdatum, sodass Daten entsprechend den Zwecken der Verarbeitung, wie Sicherheit und historische Analysen des Website-Verkehrs, gespeichert bleiben.<\/li>\n<li>SBM Sp. z o.o. setzt angemessene technische und organisatorische Ma\u00dfnahmen ein, um die Sicherheit der Verarbeitung personenbezogener Daten zu gew\u00e4hrleisten.<\/li>\n<li>Jeder Nutzer der Website hat das Recht:<\/li>\n<\/ol>\n<ul data-spread=\"false\">\n<li>vom Verantwortlichen Zugang zu den Daten sowie eine Kopie der Daten zu verlangen (Art. 15 DSGVO),<\/li>\n<li>Berichtigung oder Vervollst\u00e4ndigung der Daten zu verlangen (Art. 16 DSGVO),<\/li>\n<li>L\u00f6schung der Daten zu verlangen (Art. 17 DSGVO),<\/li>\n<li>Einschr\u00e4nkung der Verarbeitung zu verlangen (Art. 18 DSGVO),<\/li>\n<li>eine Beschwerde bei der Datenschutzbeh\u00f6rde einzureichen.<\/li>\n<\/ul>\n<ol start=\"14\" data-spread=\"true\">\n<li>SBM Sp. z o.o. beh\u00e4lt sich das Recht vor, \u00c4nderungen an dieser Datenschutzrichtlinie vorzunehmen. \u00c4nderungen werden auf der Website ver\u00f6ffentlicht und treten mit der Ver\u00f6ffentlichung in Kraft.<\/li>\n<li>Wenn Sie Anmerkungen, Beschwerden oder Fragen zur Verarbeitung personenbezogener Daten haben, senden Sie bitte eine E-Mail an <a>iod@sbm-rail.com<\/a> oder einen Brief an: SBM Sp. z o.o., ul. Kleci\u0144ska 123, 54-413 Wroc\u0142aw.<\/li>\n<\/ol>\n\t\t\t\t\t<\/article>\n\t\t\t\t<\/div>\n\t\t\t<\/div>\n\t\t<\/section>\n\t\t","protected":false},"excerpt":{"rendered":"<p>SBM Sp. z o.o. Sp. k. SBM Sp. z o.o.<\/p>\n","protected":false},"author":4,"featured_media":0,"parent":0,"menu_order":0,"comment_status":"closed","ping_status":"closed","template":"","meta":{"_acf_changed":false,"footnotes":""},"class_list":["post-1319","page","type-page","status-publish","hentry"],"acf":[],"yoast_head":"<!-- This site is optimized with the Yoast SEO plugin v27.5 - https:\/\/yoast.com\/product\/yoast-seo-wordpress\/ -->\n<title>Datenschutzrichtlinie - sbm-rail.com<\/title>\n<meta name=\"robots\" content=\"index, follow, max-snippet:-1, max-image-preview:large, max-video-preview:-1\" \/>\n<link rel=\"canonical\" href=\"https:\/\/sbm-rail.com\/de\/datenschutzrichtlinie\/\" \/>\n<meta property=\"og:locale\" content=\"de_DE\" \/>\n<meta property=\"og:type\" content=\"article\" \/>\n<meta property=\"og:title\" content=\"Datenschutzrichtlinie - sbm-rail.com\" \/>\n<meta property=\"og:description\" content=\"SBM Sp. z o.o. Sp. k. SBM Sp. z o.o.\" \/>\n<meta property=\"og:url\" content=\"https:\/\/sbm-rail.com\/de\/datenschutzrichtlinie\/\" \/>\n<meta property=\"og:site_name\" content=\"sbm-rail.com\" \/>\n<meta property=\"article:modified_time\" content=\"2025-02-26T08:55:20+00:00\" \/>\n<meta name=\"twitter:card\" content=\"summary_large_image\" \/>\n<meta name=\"twitter:label1\" content=\"Gesch\u00e4tzte Lesezeit\" \/>\n\t<meta name=\"twitter:data1\" content=\"1\u00a0Minute\" \/>\n<script type=\"application\/ld+json\" class=\"yoast-schema-graph\">{\"@context\":\"https:\\\/\\\/schema.org\",\"@graph\":[{\"@type\":\"WebPage\",\"@id\":\"https:\\\/\\\/sbm-rail.com\\\/de\\\/datenschutzrichtlinie\\\/\",\"url\":\"https:\\\/\\\/sbm-rail.com\\\/de\\\/datenschutzrichtlinie\\\/\",\"name\":\"Datenschutzrichtlinie - sbm-rail.com\",\"isPartOf\":{\"@id\":\"https:\\\/\\\/sbm-rail.com\\\/#website\"},\"datePublished\":\"2023-08-01T10:07:51+00:00\",\"dateModified\":\"2025-02-26T08:55:20+00:00\",\"breadcrumb\":{\"@id\":\"https:\\\/\\\/sbm-rail.com\\\/de\\\/datenschutzrichtlinie\\\/#breadcrumb\"},\"inLanguage\":\"de\",\"potentialAction\":[{\"@type\":\"ReadAction\",\"target\":[\"https:\\\/\\\/sbm-rail.com\\\/de\\\/datenschutzrichtlinie\\\/\"]}]},{\"@type\":\"BreadcrumbList\",\"@id\":\"https:\\\/\\\/sbm-rail.com\\\/de\\\/datenschutzrichtlinie\\\/#breadcrumb\",\"itemListElement\":[{\"@type\":\"ListItem\",\"position\":1,\"name\":\"Strona g\u0142\u00f3wna\",\"item\":\"https:\\\/\\\/sbm-rail.com\\\/de\\\/\"},{\"@type\":\"ListItem\",\"position\":2,\"name\":\"Datenschutzrichtlinie\"}]},{\"@type\":\"WebSite\",\"@id\":\"https:\\\/\\\/sbm-rail.com\\\/#website\",\"url\":\"https:\\\/\\\/sbm-rail.com\\\/\",\"name\":\"sbm-rail.com\",\"description\":\"\",\"publisher\":{\"@id\":\"https:\\\/\\\/sbm-rail.com\\\/#organization\"},\"potentialAction\":[{\"@type\":\"SearchAction\",\"target\":{\"@type\":\"EntryPoint\",\"urlTemplate\":\"https:\\\/\\\/sbm-rail.com\\\/?s={search_term_string}\"},\"query-input\":{\"@type\":\"PropertyValueSpecification\",\"valueRequired\":true,\"valueName\":\"search_term_string\"}}],\"inLanguage\":\"de\"},{\"@type\":\"Organization\",\"@id\":\"https:\\\/\\\/sbm-rail.com\\\/#organization\",\"name\":\"sbm-rail.com\",\"url\":\"https:\\\/\\\/sbm-rail.com\\\/\",\"logo\":{\"@type\":\"ImageObject\",\"inLanguage\":\"de\",\"@id\":\"https:\\\/\\\/sbm-rail.com\\\/#\\\/schema\\\/logo\\\/image\\\/\",\"url\":\"https:\\\/\\\/sbm-rail.com\\\/wp-content\\\/uploads\\\/2023\\\/08\\\/logo.svg\",\"contentUrl\":\"https:\\\/\\\/sbm-rail.com\\\/wp-content\\\/uploads\\\/2023\\\/08\\\/logo.svg\",\"caption\":\"sbm-rail.com\"},\"image\":{\"@id\":\"https:\\\/\\\/sbm-rail.com\\\/#\\\/schema\\\/logo\\\/image\\\/\"}}]}<\/script>\n<!-- \/ Yoast SEO plugin. -->","yoast_head_json":{"title":"Datenschutzrichtlinie - sbm-rail.com","robots":{"index":"index","follow":"follow","max-snippet":"max-snippet:-1","max-image-preview":"max-image-preview:large","max-video-preview":"max-video-preview:-1"},"canonical":"https:\/\/sbm-rail.com\/de\/datenschutzrichtlinie\/","og_locale":"de_DE","og_type":"article","og_title":"Datenschutzrichtlinie - sbm-rail.com","og_description":"SBM Sp. z o.o. Sp. k. SBM Sp. z o.o.","og_url":"https:\/\/sbm-rail.com\/de\/datenschutzrichtlinie\/","og_site_name":"sbm-rail.com","article_modified_time":"2025-02-26T08:55:20+00:00","twitter_card":"summary_large_image","twitter_misc":{"Gesch\u00e4tzte Lesezeit":"1\u00a0Minute"},"schema":{"@context":"https:\/\/schema.org","@graph":[{"@type":"WebPage","@id":"https:\/\/sbm-rail.com\/de\/datenschutzrichtlinie\/","url":"https:\/\/sbm-rail.com\/de\/datenschutzrichtlinie\/","name":"Datenschutzrichtlinie - sbm-rail.com","isPartOf":{"@id":"https:\/\/sbm-rail.com\/#website"},"datePublished":"2023-08-01T10:07:51+00:00","dateModified":"2025-02-26T08:55:20+00:00","breadcrumb":{"@id":"https:\/\/sbm-rail.com\/de\/datenschutzrichtlinie\/#breadcrumb"},"inLanguage":"de","potentialAction":[{"@type":"ReadAction","target":["https:\/\/sbm-rail.com\/de\/datenschutzrichtlinie\/"]}]},{"@type":"BreadcrumbList","@id":"https:\/\/sbm-rail.com\/de\/datenschutzrichtlinie\/#breadcrumb","itemListElement":[{"@type":"ListItem","position":1,"name":"Strona g\u0142\u00f3wna","item":"https:\/\/sbm-rail.com\/de\/"},{"@type":"ListItem","position":2,"name":"Datenschutzrichtlinie"}]},{"@type":"WebSite","@id":"https:\/\/sbm-rail.com\/#website","url":"https:\/\/sbm-rail.com\/","name":"sbm-rail.com","description":"","publisher":{"@id":"https:\/\/sbm-rail.com\/#organization"},"potentialAction":[{"@type":"SearchAction","target":{"@type":"EntryPoint","urlTemplate":"https:\/\/sbm-rail.com\/?s={search_term_string}"},"query-input":{"@type":"PropertyValueSpecification","valueRequired":true,"valueName":"search_term_string"}}],"inLanguage":"de"},{"@type":"Organization","@id":"https:\/\/sbm-rail.com\/#organization","name":"sbm-rail.com","url":"https:\/\/sbm-rail.com\/","logo":{"@type":"ImageObject","inLanguage":"de","@id":"https:\/\/sbm-rail.com\/#\/schema\/logo\/image\/","url":"https:\/\/sbm-rail.com\/wp-content\/uploads\/2023\/08\/logo.svg","contentUrl":"https:\/\/sbm-rail.com\/wp-content\/uploads\/2023\/08\/logo.svg","caption":"sbm-rail.com"},"image":{"@id":"https:\/\/sbm-rail.com\/#\/schema\/logo\/image\/"}}]}},"_links":{"self":[{"href":"https:\/\/sbm-rail.com\/de\/wp-json\/wp\/v2\/pages\/1319","targetHints":{"allow":["GET"]}}],"collection":[{"href":"https:\/\/sbm-rail.com\/de\/wp-json\/wp\/v2\/pages"}],"about":[{"href":"https:\/\/sbm-rail.com\/de\/wp-json\/wp\/v2\/types\/page"}],"author":[{"embeddable":true,"href":"https:\/\/sbm-rail.com\/de\/wp-json\/wp\/v2\/users\/4"}],"replies":[{"embeddable":true,"href":"https:\/\/sbm-rail.com\/de\/wp-json\/wp\/v2\/comments?post=1319"}],"version-history":[{"count":3,"href":"https:\/\/sbm-rail.com\/de\/wp-json\/wp\/v2\/pages\/1319\/revisions"}],"predecessor-version":[{"id":2471,"href":"https:\/\/sbm-rail.com\/de\/wp-json\/wp\/v2\/pages\/1319\/revisions\/2471"}],"wp:attachment":[{"href":"https:\/\/sbm-rail.com\/de\/wp-json\/wp\/v2\/media?parent=1319"}],"curies":[{"name":"wp","href":"https:\/\/api.w.org\/{rel}","templated":true}]}}