{"id":1315,"date":"2023-08-27T18:24:10","date_gmt":"2023-08-27T18:24:10","guid":{"rendered":"https:\/\/sbm-rail.com\/kim-jestesmy\/"},"modified":"2024-09-06T07:51:18","modified_gmt":"2024-09-06T07:51:18","slug":"wer-wir-sind","status":"publish","type":"page","link":"https:\/\/sbm-rail.com\/de\/wer-wir-sind\/","title":{"rendered":"Wer wir sind"},"content":{"rendered":"\t\t<section class=\"page-header\" style=\"background-image: url('https:\/\/sbm-rail.com\/wp-content\/uploads\/2023\/08\/abot.png\">\n\t\t\t<div class=\"container\">\n\t\t\t\t<div class=\"row\">\n\t\t\t\t\t<div class=\"col-12\">\n\t\t\t\t\t<h1>Wer wir sind<\/h1>\t\t\t\t\t<\/div>\n\t\t\t\t<\/div>\n\t\t\t<\/div>\n\t\t<\/section>\n\t\t\n\n\t\t<section class=\"texts\">\n\t\t\t\n\t\t\t\t\t\t\t\t\t<div class=\"title-wrapper\">\n\t\t\t\t\t\t<div class=\"container\">\n\t\t\t\t\t\t\t<div class=\"row\">\n\t\t\t\t\t\t\t\t<div class=\"col-12\" id=\"kim-jestesmy\">\n\t\t\t\t\t\t\t\t\t<h2><span>Auf den Gleisen  <strong>seit 2004<\/strong><\/span><\/h2>\n\t\t\t\t\t\t\t\t<\/div>\n\t\t\t\t\t\t\t<\/div>\n\t\t\t\t\t\t<\/div>\n\t\t\t\t\t<\/div>\n\t\t\t\t\t<div class=\"container\">\n\t\t\t\t\t\t<div class=\"row\">\n\t\t\t\t\t\t\t<div class=\"col-12\">\n\t\t\t\t\t\t\t\t<article>\n\t\t\t\t\t\t\t\t\t<div class=\"photo\">\n\t\t\t\t\t\t\t\t\t\t<img decoding=\"async\" src=\"https:\/\/sbm-rail.com\/wp-content\/uploads\/2023\/08\/ab1.png\" alt=\"Auf den Gleisen  seit 2004\">\n\t\t\t\t\t\t\t\t\t<\/div>\n\t\t\t\t\t\t\t\t\t<div class=\"description\">\n\t\t\t\t\t\t\t\t\t\t<h3 class=\"p1\">Wir stellen uns ehrgeizige Herausforderungen in der Bahnindustrie und im industriellen Energiebereich.<\/h3>\n<p class=\"p1\">Wir sind bem\u00fcht, uns weiterzuentwickeln und Erfahrungen von den Besten zu sammeln, indem wir in Konsortien mit renommierten Unternehmen mit globaler Pr\u00e4senz zusammenarbeiten, z. B. wir pflegen von Anfang eine enge Zusammenarbeit mit der Schweerbau GmbH &amp; Co. \u2013 einem Traditionsunternehmen mit langj\u00e4hriger Erfahrung auf dem europ\u00e4ischen Markt. Dank unseres hochmodernen Maschinenparks und der Fachkompetenz unserer Partner sind wir in der Lage, die modernsten und effektivsten L\u00f6sungen anzubieten.<\/p>\n<p class=\"p1\">Unser Unternehmen besteht aus erstklassigen Fachleuten, die ihre Aufgaben mit Leidenschaft angehen, was sich in der Zufriedenheit unserer Kunden zeigt. Gleichzeitig sorgen wir uns um das Wohlergehen unserer Mitarbeiter, der lokalen Gemeinschaften, in denen wir arbeiten, und die Umwelt.<\/p>\n\t\t\t\t\t\t\t\t\t<\/div>\n\t\t\t\t\t\t\t\t<\/article>\n\t\t\t\t\t\t\t<\/div>\n\t\t\t\t\t\t<\/div>\n\t\t\t\t\t<\/div>\n\t\t\t\t\t\t\t\t\t<div class=\"title-wrapper\">\n\t\t\t\t\t\t<div class=\"container\">\n\t\t\t\t\t\t\t<div class=\"row\">\n\t\t\t\t\t\t\t\t<div class=\"col-12\" id=\"kim-jestesmy\">\n\t\t\t\t\t\t\t\t\t<h2><span>Geschichte  <strong>der SBM<\/strong><\/span><\/h2>\n\t\t\t\t\t\t\t\t<\/div>\n\t\t\t\t\t\t\t<\/div>\n\t\t\t\t\t\t<\/div>\n\t\t\t\t\t<\/div>\n\t\t\t\t\t<div class=\"container\">\n\t\t\t\t\t\t<div class=\"row\">\n\t\t\t\t\t\t\t<div class=\"col-12\">\n\t\t\t\t\t\t\t\t<article>\n\t\t\t\t\t\t\t\t\t<div class=\"photo\">\n\t\t\t\t\t\t\t\t\t\t<img decoding=\"async\" src=\"https:\/\/sbm-rail.com\/wp-content\/uploads\/2023\/08\/ab2.png\" alt=\"Geschichte  der SBM\">\n\t\t\t\t\t\t\t\t\t<\/div>\n\t\t\t\t\t\t\t\t\t<div class=\"description\">\n\t\t\t\t\t\t\t\t\t\t<h3 class=\"p1\">Die Geschichte von SBM begann um das Jahr 2002 mit einer Partnerschaft auf dem polnischen Markt mit Schweerbau. Im Jahr 2004 wurde SBM als typisches Bau-Projektmanagement-Unternehmen in der Eisenbahnbranche gegr\u00fcndet, das Projekte in Polen f\u00fcr Schweerbau durchf\u00fchrte.<\/h3>\n<p class=\"p1\">Unser Hauptgesch\u00e4ftspartner hatte \u00fcber 70 Jahre Erfahrung in der Branche auf dem europ\u00e4ischen Markt, insbesondere in Deutschland. Als ein familiengef\u00fchrtes Unternehmen mit einer festen Position und langj\u00e4hrigen Traditionen verf\u00fcgten sie \u00fcber einen modernen Maschinenpark und einzigartiges Wissen \u00fcber die neuesten Technologien in der Branche. Was sie auf dem polnischen Markt brauchten, waren Menschen, die mit dem lokalen Markt und seiner Kultur vertraut waren und die Projekte von Schweerbau in Polen umsetzen wollten. Das Ergebnis ist, dass SBM heute aus Menschen besteht, die aktuell Branchenf\u00fchrer sind und tiefgreifendes Wissen in allen Aspekten der Eisenbahnbranche besitzen. Viele unserer Mitarbeiter, die heute an unseren gro\u00dfen Projekten arbeiten, haben ihre Karriere bei SBM w\u00e4hrend ihres Studiums begonnen. Wir sind stolz darauf, dass sie immer noch bei uns sind und ihre beruflichen Ambitionen erf\u00fcllen.<\/p>\n<p class=\"p1\">In Zusammenarbeit mit unserem Partner haben wir in Polen Dutzende von Projekten umgesetzt, deren Wert von einigen bis zu mehreren hundert Millionen PLN reicht. Im Jahr 2018 wurde gemeinsam entschieden, dass SBM zus\u00e4tzlich zu den Aktivit\u00e4ten im Zusammenhang mit dem Projektmanagement f\u00fcr Schweerbau, mit der unabh\u00e4ngigen Durchf\u00fchrung von Vertr\u00e4gen beginnen w\u00fcrde. Derzeit besteht unser Team aus fast 200 Mitgliedern. Dies erm\u00f6glicht es uns, gleichzeitig mehrere gro\u00dfe Projekte zu managen. Die durchdachte Entwicklungsstrategie, die uns seit Jahren begleitet, hat dazu gef\u00fchrt, dass wir derzeit mit Zuversicht immer ehrgeizigere Herausforderungen annehmen. Unser Ziel ist es, moderne und effiziente Technologien auf den polnischen Markt zu bringen, damit Projekte effizient, schnell und ohne Abweichungen von ihren urspr\u00fcnglichen Zielen durchgef\u00fchrt werden k\u00f6nnen.<\/p>\n\t\t\t\t\t\t\t\t\t<\/div>\n\t\t\t\t\t\t\t\t<\/article>\n\t\t\t\t\t\t\t<\/div>\n\t\t\t\t\t\t<\/div>\n\t\t\t\t\t<\/div>\n\t\t\t\t\t\t\t\n\t\t<\/section>\n\t\t\n\n\t\t<section  class=\"who-we-are\">\n\t\t\t<div class=\"title-wrapper\">\n\t\t\t\t<div class=\"container\">\n\t\t\t\t\t<div class=\"row\">\n\t\t\t\t\t\t<div class=\"col-12\" id=\"kim-jestesmy\">\n\t\t\t\t\t\t\t<h2><span>SBM  <strong>in Zahlen<\/strong><\/span><\/h2>\n\t\t\t\t\t\t<\/div>\n\t\t\t\t\t<\/div>\n\t\t\t\t<\/div>\n\t\t\t<\/div>\n\t\t\t<div class=\"container\">\n\t\t\t\t\t\t\t\t<div class=\"row\">\n\t\t\t\t\t<div class=\"infos\">\n\t\t\t\t\t\t\t\t\t\t\t\t\t<article>\n\t\t\t\t\t\t\t\t<img decoding=\"async\" src=\"https:\/\/sbm-rail.com\/wp-content\/uploads\/2023\/08\/Warstwa_1-1.svg\" alt=\"WIR SIND\">\n\t\t\t\t\t\t\t\t<h3>WIR SIND<\/h3>\n\t\t\t\t\t\t\t\t<p>der <strong>General-unternehmer<\/strong><\/p>\n\t\t\t\t\t\t\t\t\t\t\t\t\t\t\t\t\t<span>\n\t\t\t\t\t\t\t\t\t\t\t\t\t\t\t\t\t\t\t\t\t\t\t\t\t\t\t\t\t\t\t\t\t<\/span>\n\t\t\t\t\t\t\t\t\t\t\t\t\t\t\t<\/article>\n\t\t\t\t\t\t\t\t\t\t\t\t\t<article>\n\t\t\t\t\t\t\t\t<img decoding=\"async\" src=\"https:\/\/sbm-rail.com\/wp-content\/uploads\/2023\/08\/Warstwa_1.svg\" alt=\"WIR BESCH\u00c4FTIGEN\">\n\t\t\t\t\t\t\t\t<h3>WIR BESCH\u00c4FTIGEN<\/h3>\n\t\t\t\t\t\t\t\t<p>ca. 200 <strong>Mitarbeiter<\/strong><\/p>\n\t\t\t\t\t\t\t\t\t\t\t\t\t\t\t\t\t<span>\n\t\t\t\t\t\t\t\t\t\t\t\t\t\t\t\t\t\t\t\t\t\t\t\t\t\t\t\t\t\t\t\t\t<\/span>\n\t\t\t\t\t\t\t\t\t\t\t\t\t\t\t<\/article>\n\t\t\t\t\t\t\t\t\t\t\t\t\t<article>\n\t\t\t\t\t\t\t\t<img decoding=\"async\" src=\"https:\/\/sbm-rail.com\/wp-content\/uploads\/2023\/08\/Warstwa_1-1.svg\" alt=\"WIR VERF\u00dcGEN\">\n\t\t\t\t\t\t\t\t<h3>WIR VERF\u00dcGEN<\/h3>\n\t\t\t\t\t\t\t\t<p>\u00fcber 76 <strong>Maschinen<\/strong><\/p>\n\t\t\t\t\t\t\t\t\t\t\t\t\t\t\t\t\t<span>\n\t\t\t\t\t\t\t\t\t\t\t\t\t\t\t\t\t\t\t\t\t\t\t\t\t\t\t\t\t\t\t\t\t<\/span>\n\t\t\t\t\t\t\t\t\t\t\t\t\t\t\t<\/article>\n\t\t\t\t\t\t\t\t\t\t\t\t\t<article>\n\t\t\t\t\t\t\t\t<img decoding=\"async\" src=\"https:\/\/sbm-rail.com\/wp-content\/uploads\/2023\/08\/Warstwa_1-2.svg\" alt=\"WIR HABEN\">\n\t\t\t\t\t\t\t\t<h3>WIR HABEN<\/h3>\n\t\t\t\t\t\t\t\t<p>20 Jahre <strong>Erfahrung<\/strong><\/p>\n\t\t\t\t\t\t\t\t\t\t\t\t\t\t\t\t\t<span>\n\t\t\t\t\t\t\t\t\t\t\t\t\t\t\t\t\t\t\t\t\t\t\t\t\t\t\t\t\t\t\t\t\t<\/span>\n\t\t\t\t\t\t\t\t\t\t\t\t\t\t\t<\/article>\n\t\t\t\t\t\t\t\t\t\t\t\t\t<article>\n\t\t\t\t\t\t\t\t<img decoding=\"async\" src=\"https:\/\/sbm-rail.com\/wp-content\/uploads\/2023\/08\/Capa_1.svg\" alt=\"WIR ARBEITEN\">\n\t\t\t\t\t\t\t\t<h3>WIR ARBEITEN<\/h3>\n\t\t\t\t\t\t\t\t<p>mit R\u00fccksicht auf die <strong>Umwelt<\/strong>.<\/p>\n\t\t\t\t\t\t\t\t\t\t\t\t\t\t\t\t\t<span>\n\t\t\t\t\t\t\t\t\t\t\t\t\t\t\t\t\t\t\t\t\t\t\t\t\t\t\t\t\t\t\t\t\t<\/span>\n\t\t\t\t\t\t\t\t\t\t\t\t\t\t\t<\/article>\n\t\t\t\t\t\t\t\t\t\t\t<\/div>\n\t\t\t\t<\/div>\n\t\t\t\t\t\t\t<\/div>\n\t\t<\/section>\n\t\t\n\n\t\t<section class=\"red-texts\">\n\t\t\t<div class=\"container\">\n\t\t\t\t<div class=\"row\">\n\t\t\t\t\t<div class=\"col-12\">\n\t\t\t\t\t\t<div class=\"red-texts__wrapper\">\n\t\t\t\t\t\t\t\t\t\t\t\t\t\t\t<article>\n\t\t\t\t\t\t\t\t\t<h2><span>Mission<\/span><\/h2>\n\t\t\t\t\t\t\t\t\t<p>Unsere Mission besteht darin, unseren Kunden die modernsten und effizientesten L\u00f6sungen der Branche zu bieten, w\u00e4hrend wir gleichzeitig f\u00fcr die Zufriedenheit unserer Mitarbeiter und der lokalen Gemeinschaften, in denen wir t\u00e4tig sind, sorgen.<\/p>\n\t\t\t\t\t\t\t\t<\/article>\n\t\t\t\t\t\t\t\t\t\t\t\t\t\t\t<article>\n\t\t\t\t\t\t\t\t\t<h2><span>Vision<\/span><\/h2>\n\t\t\t\t\t\t\t\t\t<p>Wir m\u00f6chten das f\u00fchrende Unternehmen in Polen im Bereich Ingenieurwesen, Bauwesen und Projektmanagement sein und herausragende Ergebnisse f\u00fcr unsere Kunden erzielen, erf\u00fcllende Karrieren f\u00fcr unsere Mitarbeiter aufbauen und eine angemessene Rendite f\u00fcr den Wert erzielen, den wir liefern.<\/p>\n\t\t\t\t\t\t\t\t<\/article>\n\t\t\t\t\t\t\t\t\t\t\t\t\t<\/div>\n\t\t\t\t\t<\/div>\n\t\t\t\t<\/div>\n\t\t\t<\/div>\n\t\t<\/section>\n\t\t\n\n\t\t<section class=\"board\">\n\t\t\t<div class=\"title-wrapper\">\n\t\t\t\t<div class=\"container\">\n\t\t\t\t\t<div class=\"row\">\n\t\t\t\t\t\t<div class=\"col-12\">\n\t\t\t\t\t\t\t<h2><span>SBM  <strong>Vorstand<\/strong><\/span><\/h2>\n\t\t\t\t\t\t<\/div>\n\t\t\t\t\t<\/div>\n\t\t\t\t<\/div>\n\t\t\t<\/div>\n\t\t\t<div class=\"container\">\n\t\t\t\t<div class=\"row\">\n\t\t\t\t\t<div class=\"col-12\">\n\t\t\t\t\t\t<div class=\"board__wrapper\">\n\t\t\t\t\t\t\t\t\t\t\t\t\t\t\t<article>\n\t\t\t\t\t\t\t\t\t<img decoding=\"async\" src=\"https:\/\/sbm-rail.com\/wp-content\/uploads\/2024\/07\/PS-na-strone-4.jpg\" alt=\"Piotr Szadkowski\">\n\t\t\t\t\t\t\t\t\t<h3>Piotr <strong>Szadkowski<\/strong><\/h3>\n\t\t\t\t\t\t\t\t\t<h4>VORSTANDSMITGLIED<\/h4>\n\t\t\t\t\t\t\t\t<\/article>\n\t\t\t\t\t\t\t\t\t\t\t\t\t\t\t<article>\n\t\t\t\t\t\t\t\t\t<img decoding=\"async\" src=\"https:\/\/sbm-rail.com\/wp-content\/uploads\/2023\/08\/image-29.jpg\" alt=\"Miros\u0142aw Oknia\u0144ski\">\n\t\t\t\t\t\t\t\t\t<h3>Miros\u0142aw <strong>Oknia\u0144ski<\/strong><\/h3>\n\t\t\t\t\t\t\t\t\t<h4>VORSTANDSMITGLIED<\/h4>\n\t\t\t\t\t\t\t\t<\/article>\n\t\t\t\t\t\t\t\t\t\t\t\t\t\t\t<article>\n\t\t\t\t\t\t\t\t\t<img decoding=\"async\" src=\"https:\/\/sbm-rail.com\/wp-content\/uploads\/2024\/07\/MS.jpg\" alt=\"Marcin Si\u0142akowski\">\n\t\t\t\t\t\t\t\t\t<h3>Marcin <strong>Si\u0142akowski<\/strong><\/h3>\n\t\t\t\t\t\t\t\t\t<h4>VORSTANDSPR\u00c4SIDENT<\/h4>\n\t\t\t\t\t\t\t\t<\/article>\n\t\t\t\t\t\t\t\t\t\t\t\t\t\t\t<article>\n\t\t\t\t\t\t\t\t\t<img decoding=\"async\" src=\"https:\/\/sbm-rail.com\/wp-content\/uploads\/2024\/07\/MK-na-strone-2.jpg\" alt=\"Micha\u0142 Ko\u0142och\">\n\t\t\t\t\t\t\t\t\t<h3>Micha\u0142 <strong>Ko\u0142och<\/strong><\/h3>\n\t\t\t\t\t\t\t\t\t<h4>VORSTANDSMITGLIED<\/h4>\n\t\t\t\t\t\t\t\t<\/article>\n\t\t\t\t\t\t\t\t\t\t\t\t\t<\/div>\n\t\t\t\t\t<\/div>\n\t\t\t\t<\/div>\n\t\t\t<\/div>\n\t\t<\/section>\n\t\t","protected":false},"excerpt":{"rendered":"","protected":false},"author":4,"featured_media":0,"parent":0,"menu_order":0,"comment_status":"closed","ping_status":"closed","template":"","meta":{"_acf_changed":false,"footnotes":""},"class_list":["post-1315","page","type-page","status-publish","hentry"],"acf":[],"yoast_head":"<!-- This site is optimized with the Yoast SEO plugin v27.5 - https:\/\/yoast.com\/product\/yoast-seo-wordpress\/ -->\n<title>Wer wir sind - sbm-rail.com<\/title>\n<meta name=\"robots\" content=\"index, follow, max-snippet:-1, max-image-preview:large, max-video-preview:-1\" \/>\n<link rel=\"canonical\" href=\"https:\/\/sbm-rail.com\/de\/wer-wir-sind\/\" \/>\n<meta property=\"og:locale\" content=\"de_DE\" \/>\n<meta property=\"og:type\" content=\"article\" \/>\n<meta property=\"og:title\" content=\"Wer wir sind - sbm-rail.com\" \/>\n<meta property=\"og:url\" content=\"https:\/\/sbm-rail.com\/de\/wer-wir-sind\/\" \/>\n<meta property=\"og:site_name\" content=\"sbm-rail.com\" \/>\n<meta property=\"article:modified_time\" content=\"2024-09-06T07:51:18+00:00\" \/>\n<meta name=\"twitter:card\" content=\"summary_large_image\" \/>\n<script type=\"application\/ld+json\" class=\"yoast-schema-graph\">{\"@context\":\"https:\\\/\\\/schema.org\",\"@graph\":[{\"@type\":\"WebPage\",\"@id\":\"https:\\\/\\\/sbm-rail.com\\\/de\\\/wer-wir-sind\\\/\",\"url\":\"https:\\\/\\\/sbm-rail.com\\\/de\\\/wer-wir-sind\\\/\",\"name\":\"Wer wir sind - sbm-rail.com\",\"isPartOf\":{\"@id\":\"https:\\\/\\\/sbm-rail.com\\\/#website\"},\"datePublished\":\"2023-08-27T18:24:10+00:00\",\"dateModified\":\"2024-09-06T07:51:18+00:00\",\"breadcrumb\":{\"@id\":\"https:\\\/\\\/sbm-rail.com\\\/de\\\/wer-wir-sind\\\/#breadcrumb\"},\"inLanguage\":\"de\",\"potentialAction\":[{\"@type\":\"ReadAction\",\"target\":[\"https:\\\/\\\/sbm-rail.com\\\/de\\\/wer-wir-sind\\\/\"]}]},{\"@type\":\"BreadcrumbList\",\"@id\":\"https:\\\/\\\/sbm-rail.com\\\/de\\\/wer-wir-sind\\\/#breadcrumb\",\"itemListElement\":[{\"@type\":\"ListItem\",\"position\":1,\"name\":\"Strona g\u0142\u00f3wna\",\"item\":\"https:\\\/\\\/sbm-rail.com\\\/de\\\/\"},{\"@type\":\"ListItem\",\"position\":2,\"name\":\"Wer wir sind\"}]},{\"@type\":\"WebSite\",\"@id\":\"https:\\\/\\\/sbm-rail.com\\\/#website\",\"url\":\"https:\\\/\\\/sbm-rail.com\\\/\",\"name\":\"sbm-rail.com\",\"description\":\"\",\"publisher\":{\"@id\":\"https:\\\/\\\/sbm-rail.com\\\/#organization\"},\"potentialAction\":[{\"@type\":\"SearchAction\",\"target\":{\"@type\":\"EntryPoint\",\"urlTemplate\":\"https:\\\/\\\/sbm-rail.com\\\/?s={search_term_string}\"},\"query-input\":{\"@type\":\"PropertyValueSpecification\",\"valueRequired\":true,\"valueName\":\"search_term_string\"}}],\"inLanguage\":\"de\"},{\"@type\":\"Organization\",\"@id\":\"https:\\\/\\\/sbm-rail.com\\\/#organization\",\"name\":\"sbm-rail.com\",\"url\":\"https:\\\/\\\/sbm-rail.com\\\/\",\"logo\":{\"@type\":\"ImageObject\",\"inLanguage\":\"de\",\"@id\":\"https:\\\/\\\/sbm-rail.com\\\/#\\\/schema\\\/logo\\\/image\\\/\",\"url\":\"https:\\\/\\\/sbm-rail.com\\\/wp-content\\\/uploads\\\/2023\\\/08\\\/logo.svg\",\"contentUrl\":\"https:\\\/\\\/sbm-rail.com\\\/wp-content\\\/uploads\\\/2023\\\/08\\\/logo.svg\",\"caption\":\"sbm-rail.com\"},\"image\":{\"@id\":\"https:\\\/\\\/sbm-rail.com\\\/#\\\/schema\\\/logo\\\/image\\\/\"}}]}<\/script>\n<!-- \/ Yoast SEO plugin. -->","yoast_head_json":{"title":"Wer wir sind - sbm-rail.com","robots":{"index":"index","follow":"follow","max-snippet":"max-snippet:-1","max-image-preview":"max-image-preview:large","max-video-preview":"max-video-preview:-1"},"canonical":"https:\/\/sbm-rail.com\/de\/wer-wir-sind\/","og_locale":"de_DE","og_type":"article","og_title":"Wer wir sind - sbm-rail.com","og_url":"https:\/\/sbm-rail.com\/de\/wer-wir-sind\/","og_site_name":"sbm-rail.com","article_modified_time":"2024-09-06T07:51:18+00:00","twitter_card":"summary_large_image","schema":{"@context":"https:\/\/schema.org","@graph":[{"@type":"WebPage","@id":"https:\/\/sbm-rail.com\/de\/wer-wir-sind\/","url":"https:\/\/sbm-rail.com\/de\/wer-wir-sind\/","name":"Wer wir sind - sbm-rail.com","isPartOf":{"@id":"https:\/\/sbm-rail.com\/#website"},"datePublished":"2023-08-27T18:24:10+00:00","dateModified":"2024-09-06T07:51:18+00:00","breadcrumb":{"@id":"https:\/\/sbm-rail.com\/de\/wer-wir-sind\/#breadcrumb"},"inLanguage":"de","potentialAction":[{"@type":"ReadAction","target":["https:\/\/sbm-rail.com\/de\/wer-wir-sind\/"]}]},{"@type":"BreadcrumbList","@id":"https:\/\/sbm-rail.com\/de\/wer-wir-sind\/#breadcrumb","itemListElement":[{"@type":"ListItem","position":1,"name":"Strona g\u0142\u00f3wna","item":"https:\/\/sbm-rail.com\/de\/"},{"@type":"ListItem","position":2,"name":"Wer wir sind"}]},{"@type":"WebSite","@id":"https:\/\/sbm-rail.com\/#website","url":"https:\/\/sbm-rail.com\/","name":"sbm-rail.com","description":"","publisher":{"@id":"https:\/\/sbm-rail.com\/#organization"},"potentialAction":[{"@type":"SearchAction","target":{"@type":"EntryPoint","urlTemplate":"https:\/\/sbm-rail.com\/?s={search_term_string}"},"query-input":{"@type":"PropertyValueSpecification","valueRequired":true,"valueName":"search_term_string"}}],"inLanguage":"de"},{"@type":"Organization","@id":"https:\/\/sbm-rail.com\/#organization","name":"sbm-rail.com","url":"https:\/\/sbm-rail.com\/","logo":{"@type":"ImageObject","inLanguage":"de","@id":"https:\/\/sbm-rail.com\/#\/schema\/logo\/image\/","url":"https:\/\/sbm-rail.com\/wp-content\/uploads\/2023\/08\/logo.svg","contentUrl":"https:\/\/sbm-rail.com\/wp-content\/uploads\/2023\/08\/logo.svg","caption":"sbm-rail.com"},"image":{"@id":"https:\/\/sbm-rail.com\/#\/schema\/logo\/image\/"}}]}},"_links":{"self":[{"href":"https:\/\/sbm-rail.com\/de\/wp-json\/wp\/v2\/pages\/1315","targetHints":{"allow":["GET"]}}],"collection":[{"href":"https:\/\/sbm-rail.com\/de\/wp-json\/wp\/v2\/pages"}],"about":[{"href":"https:\/\/sbm-rail.com\/de\/wp-json\/wp\/v2\/types\/page"}],"author":[{"embeddable":true,"href":"https:\/\/sbm-rail.com\/de\/wp-json\/wp\/v2\/users\/4"}],"replies":[{"embeddable":true,"href":"https:\/\/sbm-rail.com\/de\/wp-json\/wp\/v2\/comments?post=1315"}],"version-history":[{"count":5,"href":"https:\/\/sbm-rail.com\/de\/wp-json\/wp\/v2\/pages\/1315\/revisions"}],"predecessor-version":[{"id":2173,"href":"https:\/\/sbm-rail.com\/de\/wp-json\/wp\/v2\/pages\/1315\/revisions\/2173"}],"wp:attachment":[{"href":"https:\/\/sbm-rail.com\/de\/wp-json\/wp\/v2\/media?parent=1315"}],"curies":[{"name":"wp","href":"https:\/\/api.w.org\/{rel}","templated":true}]}}