{"id":1313,"date":"2023-08-28T17:48:42","date_gmt":"2023-08-28T17:48:42","guid":{"rendered":"https:\/\/sbm-rail.com\/kariera\/"},"modified":"2024-07-12T17:58:44","modified_gmt":"2024-07-12T17:58:44","slug":"karriere","status":"publish","type":"page","link":"https:\/\/sbm-rail.com\/de\/karriere\/","title":{"rendered":"Karriere"},"content":{"rendered":"\t\t<section class=\"page-header\" style=\"background-image: url('https:\/\/sbm-rail.com\/wp-content\/uploads\/2023\/09\/kariera2.png\">\n\t\t\t<div class=\"container\">\n\t\t\t\t<div class=\"row\">\n\t\t\t\t\t<div class=\"col-12\">\n\t\t\t\t\t<h1>Karriere<\/h1>\t\t\t\t\t<\/div>\n\t\t\t\t<\/div>\n\t\t\t<\/div>\n\t\t<\/section>\n\t\t\n\n\t\t<section class=\"jobs\">\n\t\t\t<div class=\"title-wrapper\">\n\t\t\t\t<div class=\"container\">\n\t\t\t\t\t<div class=\"row\">\n\t\t\t\t\t\t<div class=\"col-12\">\n\t\t\t\t\t\t\t<h2><span><strong>Unser Team w\u00e4chst <\/strong><br\/>mit dem Unternehmen <\/span><\/h2>\n\t\t\t\t\t\t<\/div>\n\t\t\t\t\t<\/div>\n\t\t\t\t<\/div>\n\t\t\t<\/div>\n\t\t\t<div class=\"container\">\n\t\t\t\t<div class=\"row\">\n\t\t\t\t\t<div class=\"col-12\">\n\t\t\t\t\t\t<div class=\"jobs__wrapper\">\n\t\t\t\t\t\t\t\t\t\t\t\t\t\t\t<article>\n\t\t\t\t\t\t\t\t\t<a href=\"#job-0\" class=\"show-job\">\n\t\t\t\t\t\t\t\t\t\t<span class=\"show\">\n\t\t\t\t\t\t\t\t\t\t\tErweitern Angebot\t\t\t\t\t\t\t\t\t\t<\/span>\n\t\t\t\t\t\t\t\t\t\t<span class=\"hide\">\n\t\t\t\t\t\t\t\t\t\t\tAngebot einklappen\t\t\t\t\t\t\t\t\t\t<\/span>\n\t\t\t\t\t\t\t\t\t\t<img decoding=\"async\" src=\"https:\/\/sbm-rail.com\/wp-content\/themes\/sbm\/assets\/svg\/arrow-down.svg\" alt=\"\">\n\t\t\t\t\t\t\t\t\t<\/a>\n\t\t\t\t\t\t\t\t\t<div class=\"job-visable\">\n\t\t\t\t\t\t\t\t\t\t<div class=\"icon\">\n\t\t\t\t\t\t\t\t\t\t\t<img decoding=\"async\" src=\"\" alt=\"\">\n\t\t\t\t\t\t\t\t\t\t<\/div>\n\t\t\t\t\t\t\t\t\t\t<div class=\"description\">\n\t\t\t\t\t\t\t\t\t\t\t<h3><\/h3>\n\t\t\t\t\t\t\t\t\t\t\t\t\t\t\t\t\t\t\t\t\t\t\n\t\t\t\t\t\t\t\t\t\t\t\n\t\t\t\t\t\t\t\t\t\t<\/div>\n\t\t\t\t\t\t\t\t\t<\/div>\n\t\t\t\t\t\t\t\t\t<div class=\"job-more\" id=\"job-0\">\n\t\t\t\t\t\t\t\t\t\t<div class=\"job-more__description\">\n\t\t\t\t\t\t\t\t\t\t\t\n\t\t\t\t\t\t\t\t\t\t\t<div class=\"left\">\n\t\t\t\t\t\t\t\t\t\t\t\t\t\t\t\t\t\t\t\t\t\t\t<\/div>\n\t\t\t\t\t\t\t\t\t\t\t<div class=\"right\">\n\t\t\t\t\t\t\t\t\t\t\t\t\t\t\t\t\t\t\t\t\t\t\t<\/div>\n\t\t\t\t\t\t\t\t\t\t<\/div>\n\t\t\t\t\t\t\t\t\t\t<div class=\"job-more__info\">\n\t\t\t\t\t\t\t\t\t\t\t<p>Bitte senden Sie Ihren Lebenslauf mit der folgenden Klausel: Ich stimme der Verarbeitung der in diesem Dokument enthaltenen personenbezogenen Daten f\u00fcr den Einstellungsprozess gem\u00e4\u00df dem Gesetz vom 10. Mai 2018 \u00fcber den Schutz personenbezogener Daten (polnisches Gesetzblatt von 2018, Pos. 1000) zu ) und in \u00dcbereinstimmung mit der Verordnung des Parlaments der Europ\u00e4ischen Union und des Rates (EU) 2016\/679 vom 27. April 2016 zum Schutz nat\u00fcrlicher Personen bei der Verarbeitung personenbezogener Daten und zum freien Datenverkehr und zur Aufhebung der Richtlinie 95\/46\/EG.<\/p>\n\t\t\t\t\t\t\t\t\t\t\t<a data-pos=\"1\" href=\"#\" class=\"btn red application-link\">Bewerbe dich f\u00fcr diese Position<\/a>\n\t\t\t\t\t\t\t\t\t\t<\/div>\n\t\t\t\t\t\t\t\t\t<\/div>\n\t\t\t\t\t\t\t\t<\/article>\n\t\t\t\t\t\t\t\t\t\t\t\t\t<\/div>\n\t\t\t\t\t<\/div>\n\t\t\t\t<\/div>\n\t\t\t<\/div>\n\t\t<\/section>\n\t\t\n\n\t\t<section class=\"contact\">\n\t\t\t\t\t\t\t\t\t\t\t\t<div class=\"title-wrapper\">\n\t\t\t\t<div class=\"container\">\n\t\t\t\t\t<div class=\"row\">\n\t\t\t\t\t\t<div class=\"col-12\" id=\"kim-jestesmy\">\n\t\t\t\t\t\t\t<h2><span>Kontaktieren  <strong>Sie uns<\/strong><\/span><\/h2>\n\t\t\t\t\t\t<\/div>\n\t\t\t\t\t<\/div>\n\t\t\t\t<\/div>\n\t\t\t<\/div>\n\t\t\t\t\t\t\t\t\t<div class=\"container\" id=\"kontakt\">\n\t\t\t\t<div class=\"row\">\n\t\t\t\t\t<div class=\"col-12\">\n\t\t\t\t\t\t<div class=\"form\">\n\t\t\t\t\t\t\t<div class=\"left\">\n\t\t\t\t\t\t\t\t\n<div class=\"wpcf7 no-js\" id=\"wpcf7-f1454-o1\" lang=\"pl-PL\" dir=\"ltr\" data-wpcf7-id=\"1454\">\n<div class=\"screen-reader-response\"><p role=\"status\" aria-live=\"polite\" aria-atomic=\"true\"><\/p> <ul><\/ul><\/div>\n<form action=\"\/de\/wp-json\/wp\/v2\/pages\/1313#wpcf7-f1454-o1\" method=\"post\" class=\"wpcf7-form init\" aria-label=\"Formularz kontaktowy\" enctype=\"multipart\/form-data\" novalidate=\"novalidate\" data-status=\"init\">\n<fieldset class=\"hidden-fields-container\"><input type=\"hidden\" name=\"_wpcf7\" value=\"1454\" \/><input type=\"hidden\" name=\"_wpcf7_version\" value=\"6.1.5\" \/><input type=\"hidden\" name=\"_wpcf7_locale\" value=\"pl_PL\" \/><input type=\"hidden\" name=\"_wpcf7_unit_tag\" value=\"wpcf7-f1454-o1\" \/><input type=\"hidden\" name=\"_wpcf7_container_post\" value=\"0\" \/><input type=\"hidden\" name=\"_wpcf7_posted_data_hash\" value=\"\" \/><input type=\"hidden\" name=\"_wpcf7_recaptcha_response\" value=\"\" \/>\n<\/fieldset>\n<label>Ich bewerbe mich<\/label><span class=\"wpcf7-form-control-wrap\" data-name=\"your-job\"><select class=\"wpcf7-form-control wpcf7-select wpcf7-validates-as-required\" aria-required=\"true\" aria-invalid=\"false\" name=\"your-job\"><option value=\"\"><\/option><option value=\"Gleisarbeiter\">Gleisarbeiter<\/option><option value=\"Helfer des Elektromonteurs\/Elektromonteur\">Helfer des Elektromonteurs\/Elektromonteur<\/option><\/select><\/span>\n<label>Vorname und nachname<\/label><span class=\"wpcf7-form-control-wrap\" data-name=\"your-name\"><input size=\"40\" maxlength=\"400\" class=\"wpcf7-form-control wpcf7-text wpcf7-validates-as-required\" autocomplete=\"name\" aria-required=\"true\" aria-invalid=\"false\" value=\"\" type=\"text\" name=\"your-name\" \/><\/span> \n<label>E-mail<\/label><span class=\"wpcf7-form-control-wrap\" data-name=\"your-email\"><input size=\"40\" maxlength=\"400\" class=\"wpcf7-form-control wpcf7-email wpcf7-validates-as-required wpcf7-text wpcf7-validates-as-email\" autocomplete=\"email\" aria-required=\"true\" aria-invalid=\"false\" value=\"\" type=\"email\" name=\"your-email\" \/><\/span>\n<label>Telefon<\/label><span class=\"wpcf7-form-control-wrap\" data-name=\"your-phone\"><input size=\"40\" maxlength=\"400\" class=\"wpcf7-form-control wpcf7-text wpcf7-validates-as-required\" aria-required=\"true\" aria-invalid=\"false\" value=\"\" type=\"text\" name=\"your-phone\" \/><\/span>\n<label>Anhang<\/label><span class=\"wpcf7-form-control-wrap\" data-name=\"your-file\"><input size=\"40\" class=\"wpcf7-form-control wpcf7-file\" accept=\"audio\/*,video\/*,image\/*\" aria-invalid=\"false\" type=\"file\" name=\"your-file\" \/><\/span>\n<label>Nachricht<\/label><span class=\"wpcf7-form-control-wrap\" data-name=\"your-message\"><textarea cols=\"40\" rows=\"10\" maxlength=\"2000\" class=\"wpcf7-form-control wpcf7-textarea\" aria-invalid=\"false\" name=\"your-message\"><\/textarea><\/span>\n<span class=\"wpcf7-form-control-wrap\" data-name=\"acceptance\"><span class=\"wpcf7-form-control wpcf7-acceptance\"><span class=\"wpcf7-list-item\"><label><input type=\"checkbox\" name=\"acceptance\" value=\"1\" aria-invalid=\"false\" \/><span class=\"wpcf7-list-item-label\">Ich akzeptiere <a href=\"https:\/\/sbm-rail.com\/de\/datenschutzrichtlinie\/\">die datenschutzrichtlinie<\/a>.<\/span><\/label><\/span><\/span><\/span>\n<div class=\"button-wrapper\"><input class=\"wpcf7-form-control wpcf7-submit has-spinner\" type=\"submit\" value=\"Nachricht senden\" \/><\/div><div class=\"wpcf7-response-output\" aria-hidden=\"true\"><\/div>\n<\/form>\n<\/div>\n\t\t\t\t\t\t\t<\/div>\n\t\t\t\t\t\t\t<div class=\"right\">\n\t\t\t\t\t\t\t\t<img decoding=\"async\" src=\"https:\/\/sbm-rail.com\/wp-content\/uploads\/2023\/09\/Rectangle-180b.png\" alt=\"Kontaktieren  Sie uns\">\n\t\t\t\t\t\t\t<\/div>\n\t\t\t\t\t\t<\/div>\n\t\t\t\t\t<\/div>\n\t\t\t\t<\/div>\n\t\t\t<\/div>\n\t\t\t\t\t\t<div class=\"map\">\n\t\t\t<iframe src=\"https:\/\/www.google.com\/maps\/embed?pb=!1m18!1m12!1m3!1d1252.5715814861137!2d16.970812983909198!3d51.10581872433726!2m3!1f0!2f0!3f0!3m2!1i1024!2i768!4f13.1!3m3!1m2!1s0x470fc1eebaa48227%3A0xef7a54b7bb368177!2sSBM%20Sp.%20z%20o.o.!5e0!3m2!1spl!2spl!4v1716546436522!5m2!1spl!2spl\" width=\"100%\" height=\"600\" style=\"border:0;\" allowfullscreen=\"\" loading=\"lazy\" referrerpolicy=\"no-referrer-when-downgrade\"><\/iframe>\n\t\t\t<\/div>\n\t\t<\/section>\n\t\t\n\n\t\t<section class=\"testimonials\">\n\t\t\t<div class=\"title-wrapper\">\n\t\t\t\t<div class=\"container\">\n\t\t\t\t\t<div class=\"row\">\n\t\t\t\t\t\t<div class=\"col-12\">\n\t\t\t\t\t\t\t<h2><span> <strong><\/strong><\/span><\/h2>\n\t\t\t\t\t\t<\/div>\n\t\t\t\t\t<\/div>\n\t\t\t\t<\/div>\n\t\t\t<\/div>\n\t\t\t<div class=\"container\">\n\t\t\t\t<div class=\"row\">\n\t\t\t\t\t<div class=\"col-12\">\n\t\t\t\t\t\t<div class=\"testimonials__wrapper\">\n\t\t\t\t\t\t\t\t\t\t\t\t\t\t\t<article>\n\t\t\t\t\t\t\t\t\t<div class=\"photo\">\n\t\t\t\t\t\t\t\t\t\t<img decoding=\"async\" src=\"\" alt=\" \">\n\t\t\t\t\t\t\t\t\t<\/div>\n\t\t\t\t\t\t\t\t\t<div class=\"description\">\n\t\t\t\t\t\t\t\t\t<h3> <strong><\/strong><\/h3>\n\t\t\t\t\t\t\t\t\t<h5><\/h5>\n\t\t\t\t\t\t\t\t\t\t\t\t\t\t\t\t\t\t<\/div>\n\t\t\t\t\t\t\t\t<\/article>\n\t\t\t\t\t\t\t\t\t\t\t\t\t\t\t<article>\n\t\t\t\t\t\t\t\t\t<div class=\"photo\">\n\t\t\t\t\t\t\t\t\t\t<img decoding=\"async\" src=\"\" alt=\" \">\n\t\t\t\t\t\t\t\t\t<\/div>\n\t\t\t\t\t\t\t\t\t<div class=\"description\">\n\t\t\t\t\t\t\t\t\t<h3> <strong><\/strong><\/h3>\n\t\t\t\t\t\t\t\t\t<h5><\/h5>\n\t\t\t\t\t\t\t\t\t\t\t\t\t\t\t\t\t\t<\/div>\n\t\t\t\t\t\t\t\t<\/article>\n\t\t\t\t\t\t\t\t\t\t\t\t\t\t\t<article>\n\t\t\t\t\t\t\t\t\t<div class=\"photo\">\n\t\t\t\t\t\t\t\t\t\t<img decoding=\"async\" src=\"\" alt=\" \">\n\t\t\t\t\t\t\t\t\t<\/div>\n\t\t\t\t\t\t\t\t\t<div class=\"description\">\n\t\t\t\t\t\t\t\t\t<h3> <strong><\/strong><\/h3>\n\t\t\t\t\t\t\t\t\t<h5><\/h5>\n\t\t\t\t\t\t\t\t\t\t\t\t\t\t\t\t\t\t<\/div>\n\t\t\t\t\t\t\t\t<\/article>\n\t\t\t\t\t\t\t\t\t\t\t\t\t\t\t<article>\n\t\t\t\t\t\t\t\t\t<div class=\"photo\">\n\t\t\t\t\t\t\t\t\t\t<img decoding=\"async\" src=\"\" alt=\" \">\n\t\t\t\t\t\t\t\t\t<\/div>\n\t\t\t\t\t\t\t\t\t<div class=\"description\">\n\t\t\t\t\t\t\t\t\t<h3> <strong><\/strong><\/h3>\n\t\t\t\t\t\t\t\t\t<h5><\/h5>\n\t\t\t\t\t\t\t\t\t\t\t\t\t\t\t\t\t\t<\/div>\n\t\t\t\t\t\t\t\t<\/article>\n\t\t\t\t\t\t\t\t\t\t\t\t\t\t\t<article>\n\t\t\t\t\t\t\t\t\t<div class=\"photo\">\n\t\t\t\t\t\t\t\t\t\t<img decoding=\"async\" src=\"\" alt=\" \">\n\t\t\t\t\t\t\t\t\t<\/div>\n\t\t\t\t\t\t\t\t\t<div class=\"description\">\n\t\t\t\t\t\t\t\t\t<h3> <strong><\/strong><\/h3>\n\t\t\t\t\t\t\t\t\t<h5><\/h5>\n\t\t\t\t\t\t\t\t\t\t\t\t\t\t\t\t\t\t<\/div>\n\t\t\t\t\t\t\t\t<\/article>\n\t\t\t\t\t\t\t\t\t\t\t\t\t<\/div>\n\t\t\t\t\t<\/div>\n\t\t\t\t<\/div>\n\t\t\t<\/div>\n\t\t<\/section>\n\t\t","protected":false},"excerpt":{"rendered":"","protected":false},"author":4,"featured_media":0,"parent":0,"menu_order":0,"comment_status":"closed","ping_status":"closed","template":"","meta":{"_acf_changed":false,"footnotes":""},"class_list":["post-1313","page","type-page","status-publish","hentry"],"acf":[],"yoast_head":"<!-- This site is optimized with the Yoast SEO plugin v27.5 - https:\/\/yoast.com\/product\/yoast-seo-wordpress\/ -->\n<title>Karriere - sbm-rail.com<\/title>\n<meta name=\"robots\" content=\"index, follow, max-snippet:-1, max-image-preview:large, max-video-preview:-1\" \/>\n<link rel=\"canonical\" href=\"https:\/\/sbm-rail.com\/de\/karriere\/\" \/>\n<meta property=\"og:locale\" content=\"de_DE\" \/>\n<meta property=\"og:type\" content=\"article\" \/>\n<meta property=\"og:title\" content=\"Karriere - sbm-rail.com\" \/>\n<meta property=\"og:url\" content=\"https:\/\/sbm-rail.com\/de\/karriere\/\" \/>\n<meta property=\"og:site_name\" content=\"sbm-rail.com\" \/>\n<meta property=\"article:modified_time\" content=\"2024-07-12T17:58:44+00:00\" \/>\n<meta name=\"twitter:card\" content=\"summary_large_image\" \/>\n<script type=\"application\/ld+json\" class=\"yoast-schema-graph\">{\"@context\":\"https:\\\/\\\/schema.org\",\"@graph\":[{\"@type\":\"WebPage\",\"@id\":\"https:\\\/\\\/sbm-rail.com\\\/de\\\/karriere\\\/\",\"url\":\"https:\\\/\\\/sbm-rail.com\\\/de\\\/karriere\\\/\",\"name\":\"Karriere - sbm-rail.com\",\"isPartOf\":{\"@id\":\"https:\\\/\\\/sbm-rail.com\\\/#website\"},\"datePublished\":\"2023-08-28T17:48:42+00:00\",\"dateModified\":\"2024-07-12T17:58:44+00:00\",\"breadcrumb\":{\"@id\":\"https:\\\/\\\/sbm-rail.com\\\/de\\\/karriere\\\/#breadcrumb\"},\"inLanguage\":\"de\",\"potentialAction\":[{\"@type\":\"ReadAction\",\"target\":[\"https:\\\/\\\/sbm-rail.com\\\/de\\\/karriere\\\/\"]}]},{\"@type\":\"BreadcrumbList\",\"@id\":\"https:\\\/\\\/sbm-rail.com\\\/de\\\/karriere\\\/#breadcrumb\",\"itemListElement\":[{\"@type\":\"ListItem\",\"position\":1,\"name\":\"Strona g\u0142\u00f3wna\",\"item\":\"https:\\\/\\\/sbm-rail.com\\\/de\\\/\"},{\"@type\":\"ListItem\",\"position\":2,\"name\":\"Karriere\"}]},{\"@type\":\"WebSite\",\"@id\":\"https:\\\/\\\/sbm-rail.com\\\/#website\",\"url\":\"https:\\\/\\\/sbm-rail.com\\\/\",\"name\":\"sbm-rail.com\",\"description\":\"\",\"publisher\":{\"@id\":\"https:\\\/\\\/sbm-rail.com\\\/#organization\"},\"potentialAction\":[{\"@type\":\"SearchAction\",\"target\":{\"@type\":\"EntryPoint\",\"urlTemplate\":\"https:\\\/\\\/sbm-rail.com\\\/?s={search_term_string}\"},\"query-input\":{\"@type\":\"PropertyValueSpecification\",\"valueRequired\":true,\"valueName\":\"search_term_string\"}}],\"inLanguage\":\"de\"},{\"@type\":\"Organization\",\"@id\":\"https:\\\/\\\/sbm-rail.com\\\/#organization\",\"name\":\"sbm-rail.com\",\"url\":\"https:\\\/\\\/sbm-rail.com\\\/\",\"logo\":{\"@type\":\"ImageObject\",\"inLanguage\":\"de\",\"@id\":\"https:\\\/\\\/sbm-rail.com\\\/#\\\/schema\\\/logo\\\/image\\\/\",\"url\":\"https:\\\/\\\/sbm-rail.com\\\/wp-content\\\/uploads\\\/2023\\\/08\\\/logo.svg\",\"contentUrl\":\"https:\\\/\\\/sbm-rail.com\\\/wp-content\\\/uploads\\\/2023\\\/08\\\/logo.svg\",\"caption\":\"sbm-rail.com\"},\"image\":{\"@id\":\"https:\\\/\\\/sbm-rail.com\\\/#\\\/schema\\\/logo\\\/image\\\/\"}}]}<\/script>\n<!-- \/ Yoast SEO plugin. -->","yoast_head_json":{"title":"Karriere - sbm-rail.com","robots":{"index":"index","follow":"follow","max-snippet":"max-snippet:-1","max-image-preview":"max-image-preview:large","max-video-preview":"max-video-preview:-1"},"canonical":"https:\/\/sbm-rail.com\/de\/karriere\/","og_locale":"de_DE","og_type":"article","og_title":"Karriere - sbm-rail.com","og_url":"https:\/\/sbm-rail.com\/de\/karriere\/","og_site_name":"sbm-rail.com","article_modified_time":"2024-07-12T17:58:44+00:00","twitter_card":"summary_large_image","schema":{"@context":"https:\/\/schema.org","@graph":[{"@type":"WebPage","@id":"https:\/\/sbm-rail.com\/de\/karriere\/","url":"https:\/\/sbm-rail.com\/de\/karriere\/","name":"Karriere - sbm-rail.com","isPartOf":{"@id":"https:\/\/sbm-rail.com\/#website"},"datePublished":"2023-08-28T17:48:42+00:00","dateModified":"2024-07-12T17:58:44+00:00","breadcrumb":{"@id":"https:\/\/sbm-rail.com\/de\/karriere\/#breadcrumb"},"inLanguage":"de","potentialAction":[{"@type":"ReadAction","target":["https:\/\/sbm-rail.com\/de\/karriere\/"]}]},{"@type":"BreadcrumbList","@id":"https:\/\/sbm-rail.com\/de\/karriere\/#breadcrumb","itemListElement":[{"@type":"ListItem","position":1,"name":"Strona g\u0142\u00f3wna","item":"https:\/\/sbm-rail.com\/de\/"},{"@type":"ListItem","position":2,"name":"Karriere"}]},{"@type":"WebSite","@id":"https:\/\/sbm-rail.com\/#website","url":"https:\/\/sbm-rail.com\/","name":"sbm-rail.com","description":"","publisher":{"@id":"https:\/\/sbm-rail.com\/#organization"},"potentialAction":[{"@type":"SearchAction","target":{"@type":"EntryPoint","urlTemplate":"https:\/\/sbm-rail.com\/?s={search_term_string}"},"query-input":{"@type":"PropertyValueSpecification","valueRequired":true,"valueName":"search_term_string"}}],"inLanguage":"de"},{"@type":"Organization","@id":"https:\/\/sbm-rail.com\/#organization","name":"sbm-rail.com","url":"https:\/\/sbm-rail.com\/","logo":{"@type":"ImageObject","inLanguage":"de","@id":"https:\/\/sbm-rail.com\/#\/schema\/logo\/image\/","url":"https:\/\/sbm-rail.com\/wp-content\/uploads\/2023\/08\/logo.svg","contentUrl":"https:\/\/sbm-rail.com\/wp-content\/uploads\/2023\/08\/logo.svg","caption":"sbm-rail.com"},"image":{"@id":"https:\/\/sbm-rail.com\/#\/schema\/logo\/image\/"}}]}},"_links":{"self":[{"href":"https:\/\/sbm-rail.com\/de\/wp-json\/wp\/v2\/pages\/1313","targetHints":{"allow":["GET"]}}],"collection":[{"href":"https:\/\/sbm-rail.com\/de\/wp-json\/wp\/v2\/pages"}],"about":[{"href":"https:\/\/sbm-rail.com\/de\/wp-json\/wp\/v2\/types\/page"}],"author":[{"embeddable":true,"href":"https:\/\/sbm-rail.com\/de\/wp-json\/wp\/v2\/users\/4"}],"replies":[{"embeddable":true,"href":"https:\/\/sbm-rail.com\/de\/wp-json\/wp\/v2\/comments?post=1313"}],"version-history":[{"count":5,"href":"https:\/\/sbm-rail.com\/de\/wp-json\/wp\/v2\/pages\/1313\/revisions"}],"predecessor-version":[{"id":2007,"href":"https:\/\/sbm-rail.com\/de\/wp-json\/wp\/v2\/pages\/1313\/revisions\/2007"}],"wp:attachment":[{"href":"https:\/\/sbm-rail.com\/de\/wp-json\/wp\/v2\/media?parent=1313"}],"curies":[{"name":"wp","href":"https:\/\/api.w.org\/{rel}","templated":true}]}}