{"id":1311,"date":"2023-08-28T09:49:39","date_gmt":"2023-08-28T09:49:39","guid":{"rendered":"https:\/\/sbm-rail.com\/budownictwo-kolejowe\/"},"modified":"2023-10-23T10:25:41","modified_gmt":"2023-10-23T10:25:41","slug":"eisenbahnbau","status":"publish","type":"page","link":"https:\/\/sbm-rail.com\/de\/eisenbahnbau\/","title":{"rendered":"Eisenbahnbau"},"content":{"rendered":"\t\t<section class=\"page-header\" style=\"background-image: url('https:\/\/sbm-rail.com\/wp-content\/uploads\/2023\/09\/BG.png\">\n\t\t\t<div class=\"container\">\n\t\t\t\t<div class=\"row\">\n\t\t\t\t\t<div class=\"col-12\">\n\t\t\t\t\t<h1>Eisenbahnbau<\/h1>\t\t\t\t\t<\/div>\n\t\t\t\t<\/div>\n\t\t\t<\/div>\n\t\t<\/section>\n\t\t\n\n\t\t<section class=\"offer\">\n\t\t\t<div class=\"title-wrapper\">\n\t\t\t\t<div class=\"container\">\n\t\t\t\t\t<div class=\"row\">\n\t\t\t\t\t\t<div class=\"col-12\">\n\t\t\t\t\t\t\t<h2><span>Umfassende und spezialisierte  <br><strong>Arbeiten an Eisenbahnstrecken<\/strong><\/span><\/h2>\n\t\t\t\t\t\t<\/div>\n\t\t\t\t\t<\/div>\n\t\t\t\t<\/div>\n\t\t\t<\/div>\n\t\t\t<div class=\"container\">\n\t\t\t\t<div class=\"row\">\n\t\t\t\t\t<div class=\"col-12\">\n\t\t\t\t\t\t<div class=\"offer__wrapper\">\n\t\t\t\t\t\t\t\t\t\t\t\t\t\t\t<article>\n\t\t\t\t\t\t\t\t\t<div class=\"description\">\n\t\t\t\t\t\t\t\t\t\t<h3>Der Hauptbereich unserer T\u00e4tigkeit ist der Eisenbahnbau. Dank Spezialisierung und langj\u00e4hriger Erfahrung haben wir ein hohes Ma\u00df an Kompetenz erreicht.<\/h3>\n<p>In diesem Bereich verwalten wir Vertr\u00e4ge und f\u00fchren Aufgaben im Bereich Design und Build-and-Build-Formeln durch. Auf der Grundlage unserer eigenen Ressourcen und denen von Subunternehmern f\u00fchren wir alle Arbeiten aus, einschlie\u00dflich Planung, Vermessungsleistungen, Gleisoberfl\u00e4chen, Untergr\u00fcnde, Weichen, Bahnsteige und Kleinarchitektur, Bahn\u00fcberg\u00e4nge, Ingenieurbauwerke, Traktionsnetz, Verkehrskontrollger\u00e4te. In Zusammenarbeit mit Schweerbau bieten wir die Reprofilierung von Schienen im Gleis an. Wir sind ein umfassender Dienstleister in der Bahnbranche.<\/p>\n\t\t\t\t\t\t\t\t\t<\/div>\n\t\t\t\t\t\t\t\t\t<div class=\"photo\">\n\t\t\t\t\t\t\t\t\t\t<img decoding=\"async\" src=\"https:\/\/sbm-rail.com\/wp-content\/uploads\/2023\/09\/Rectangle-115.png\" alt=\"Eisenbahnbau\">\n\t\t\t\t\t\t\t\t\t<\/div>\n\t\t\t\t\t\t\t\t\t\n\t\t\t\t\t\t\t\t<\/article>\n\t\t\t\t\t\t\t\t\t\t\t\t\t\t\t<article>\n\t\t\t\t\t\t\t\t\t<div class=\"description\">\n\t\t\t\t\t\t\t\t\t\t<h3>Wir f\u00fchren Arbeiten in ganz Polen auf Eisenbahnstrecken durch, die von PKP PLK S.A. verwaltet werden. sowie f\u00fcr Industrie- und Dienstleistungskunden aus Polen und Deutschland.<\/h3>\n\t\t\t\t\t\t\t\t\t<\/div>\n\t\t\t\t\t\t\t\t\t<div class=\"photo\">\n\t\t\t\t\t\t\t\t\t\t<img decoding=\"async\" src=\"https:\/\/sbm-rail.com\/wp-content\/uploads\/2023\/09\/Group-156.png\" alt=\"Eisenbahnbau\">\n\t\t\t\t\t\t\t\t\t<\/div>\n\t\t\t\t\t\t\t\t\t\n\t\t\t\t\t\t\t\t<\/article>\n\t\t\t\t\t\t\t\t\t\t\t\t\t\t\t<article>\n\t\t\t\t\t\t\t\t\t<div class=\"description\">\n\t\t\t\t\t\t\t\t\t\t<h3>Wir verf\u00fcgen \u00fcber hochqualifiziertes und erfahrenes Ingenieurpersonal. Der Kern besteht aus Ingenieuren, die uns seit vielen Jahren, oft schon seit Beginn ihrer beruflichen Laufbahn, verbunden sind.<\/h3>\n<p>Dank unserer Erfahrung und dem Einsatz von Spezialmaschinen f\u00fcr Eisenbahnarbeiten stellen wir uns gerne den Herausforderungen bei der Ausf\u00fchrung von Arbeiten mit hochmechanisierten Methoden, mit hoher Effizienz und der Garantie h\u00f6chster Qualit\u00e4t.<\/p>\n<p>Wir sind stets bestrebt, unsere Glaubw\u00fcrdigkeit als Auftragnehmer aufrechtzuerhalten. Wir sind Partner f\u00fcr Auftraggeber und Subunternehmer.<\/p>\n\t\t\t\t\t\t\t\t\t<\/div>\n\t\t\t\t\t\t\t\t\t<div class=\"photo\">\n\t\t\t\t\t\t\t\t\t\t<img decoding=\"async\" src=\"https:\/\/sbm-rail.com\/wp-content\/uploads\/2023\/09\/Rectangle-109.png\" alt=\"Eisenbahnbau\">\n\t\t\t\t\t\t\t\t\t<\/div>\n\t\t\t\t\t\t\t\t\t\n\t\t\t\t\t\t\t\t<\/article>\n\t\t\t\t\t\t\t\t\t\t\t\t\t<\/div>\n\t\t\t\t\t<\/div>\n\t\t\t\t<\/div>\n\t\t\t<\/div>\n\t\t<\/section>\n\t\t","protected":false},"excerpt":{"rendered":"","protected":false},"author":4,"featured_media":0,"parent":0,"menu_order":0,"comment_status":"closed","ping_status":"closed","template":"","meta":{"_acf_changed":false,"footnotes":""},"class_list":["post-1311","page","type-page","status-publish","hentry"],"acf":[],"yoast_head":"<!-- This site is optimized with the Yoast SEO plugin v27.5 - https:\/\/yoast.com\/product\/yoast-seo-wordpress\/ -->\n<title>Eisenbahnbau - sbm-rail.com<\/title>\n<meta name=\"robots\" content=\"index, follow, max-snippet:-1, max-image-preview:large, max-video-preview:-1\" \/>\n<link rel=\"canonical\" href=\"https:\/\/sbm-rail.com\/de\/eisenbahnbau\/\" \/>\n<meta property=\"og:locale\" content=\"de_DE\" \/>\n<meta property=\"og:type\" content=\"article\" \/>\n<meta property=\"og:title\" content=\"Eisenbahnbau - sbm-rail.com\" \/>\n<meta property=\"og:url\" content=\"https:\/\/sbm-rail.com\/de\/eisenbahnbau\/\" \/>\n<meta property=\"og:site_name\" content=\"sbm-rail.com\" \/>\n<meta property=\"article:modified_time\" content=\"2023-10-23T10:25:41+00:00\" \/>\n<meta name=\"twitter:card\" content=\"summary_large_image\" \/>\n<script type=\"application\/ld+json\" class=\"yoast-schema-graph\">{\"@context\":\"https:\\\/\\\/schema.org\",\"@graph\":[{\"@type\":\"WebPage\",\"@id\":\"https:\\\/\\\/sbm-rail.com\\\/de\\\/eisenbahnbau\\\/\",\"url\":\"https:\\\/\\\/sbm-rail.com\\\/de\\\/eisenbahnbau\\\/\",\"name\":\"Eisenbahnbau - sbm-rail.com\",\"isPartOf\":{\"@id\":\"https:\\\/\\\/sbm-rail.com\\\/#website\"},\"datePublished\":\"2023-08-28T09:49:39+00:00\",\"dateModified\":\"2023-10-23T10:25:41+00:00\",\"breadcrumb\":{\"@id\":\"https:\\\/\\\/sbm-rail.com\\\/de\\\/eisenbahnbau\\\/#breadcrumb\"},\"inLanguage\":\"de\",\"potentialAction\":[{\"@type\":\"ReadAction\",\"target\":[\"https:\\\/\\\/sbm-rail.com\\\/de\\\/eisenbahnbau\\\/\"]}]},{\"@type\":\"BreadcrumbList\",\"@id\":\"https:\\\/\\\/sbm-rail.com\\\/de\\\/eisenbahnbau\\\/#breadcrumb\",\"itemListElement\":[{\"@type\":\"ListItem\",\"position\":1,\"name\":\"Strona g\u0142\u00f3wna\",\"item\":\"https:\\\/\\\/sbm-rail.com\\\/de\\\/\"},{\"@type\":\"ListItem\",\"position\":2,\"name\":\"Eisenbahnbau\"}]},{\"@type\":\"WebSite\",\"@id\":\"https:\\\/\\\/sbm-rail.com\\\/#website\",\"url\":\"https:\\\/\\\/sbm-rail.com\\\/\",\"name\":\"sbm-rail.com\",\"description\":\"\",\"publisher\":{\"@id\":\"https:\\\/\\\/sbm-rail.com\\\/#organization\"},\"potentialAction\":[{\"@type\":\"SearchAction\",\"target\":{\"@type\":\"EntryPoint\",\"urlTemplate\":\"https:\\\/\\\/sbm-rail.com\\\/?s={search_term_string}\"},\"query-input\":{\"@type\":\"PropertyValueSpecification\",\"valueRequired\":true,\"valueName\":\"search_term_string\"}}],\"inLanguage\":\"de\"},{\"@type\":\"Organization\",\"@id\":\"https:\\\/\\\/sbm-rail.com\\\/#organization\",\"name\":\"sbm-rail.com\",\"url\":\"https:\\\/\\\/sbm-rail.com\\\/\",\"logo\":{\"@type\":\"ImageObject\",\"inLanguage\":\"de\",\"@id\":\"https:\\\/\\\/sbm-rail.com\\\/#\\\/schema\\\/logo\\\/image\\\/\",\"url\":\"https:\\\/\\\/sbm-rail.com\\\/wp-content\\\/uploads\\\/2023\\\/08\\\/logo.svg\",\"contentUrl\":\"https:\\\/\\\/sbm-rail.com\\\/wp-content\\\/uploads\\\/2023\\\/08\\\/logo.svg\",\"caption\":\"sbm-rail.com\"},\"image\":{\"@id\":\"https:\\\/\\\/sbm-rail.com\\\/#\\\/schema\\\/logo\\\/image\\\/\"}}]}<\/script>\n<!-- \/ Yoast SEO plugin. -->","yoast_head_json":{"title":"Eisenbahnbau - sbm-rail.com","robots":{"index":"index","follow":"follow","max-snippet":"max-snippet:-1","max-image-preview":"max-image-preview:large","max-video-preview":"max-video-preview:-1"},"canonical":"https:\/\/sbm-rail.com\/de\/eisenbahnbau\/","og_locale":"de_DE","og_type":"article","og_title":"Eisenbahnbau - sbm-rail.com","og_url":"https:\/\/sbm-rail.com\/de\/eisenbahnbau\/","og_site_name":"sbm-rail.com","article_modified_time":"2023-10-23T10:25:41+00:00","twitter_card":"summary_large_image","schema":{"@context":"https:\/\/schema.org","@graph":[{"@type":"WebPage","@id":"https:\/\/sbm-rail.com\/de\/eisenbahnbau\/","url":"https:\/\/sbm-rail.com\/de\/eisenbahnbau\/","name":"Eisenbahnbau - sbm-rail.com","isPartOf":{"@id":"https:\/\/sbm-rail.com\/#website"},"datePublished":"2023-08-28T09:49:39+00:00","dateModified":"2023-10-23T10:25:41+00:00","breadcrumb":{"@id":"https:\/\/sbm-rail.com\/de\/eisenbahnbau\/#breadcrumb"},"inLanguage":"de","potentialAction":[{"@type":"ReadAction","target":["https:\/\/sbm-rail.com\/de\/eisenbahnbau\/"]}]},{"@type":"BreadcrumbList","@id":"https:\/\/sbm-rail.com\/de\/eisenbahnbau\/#breadcrumb","itemListElement":[{"@type":"ListItem","position":1,"name":"Strona g\u0142\u00f3wna","item":"https:\/\/sbm-rail.com\/de\/"},{"@type":"ListItem","position":2,"name":"Eisenbahnbau"}]},{"@type":"WebSite","@id":"https:\/\/sbm-rail.com\/#website","url":"https:\/\/sbm-rail.com\/","name":"sbm-rail.com","description":"","publisher":{"@id":"https:\/\/sbm-rail.com\/#organization"},"potentialAction":[{"@type":"SearchAction","target":{"@type":"EntryPoint","urlTemplate":"https:\/\/sbm-rail.com\/?s={search_term_string}"},"query-input":{"@type":"PropertyValueSpecification","valueRequired":true,"valueName":"search_term_string"}}],"inLanguage":"de"},{"@type":"Organization","@id":"https:\/\/sbm-rail.com\/#organization","name":"sbm-rail.com","url":"https:\/\/sbm-rail.com\/","logo":{"@type":"ImageObject","inLanguage":"de","@id":"https:\/\/sbm-rail.com\/#\/schema\/logo\/image\/","url":"https:\/\/sbm-rail.com\/wp-content\/uploads\/2023\/08\/logo.svg","contentUrl":"https:\/\/sbm-rail.com\/wp-content\/uploads\/2023\/08\/logo.svg","caption":"sbm-rail.com"},"image":{"@id":"https:\/\/sbm-rail.com\/#\/schema\/logo\/image\/"}}]}},"_links":{"self":[{"href":"https:\/\/sbm-rail.com\/de\/wp-json\/wp\/v2\/pages\/1311","targetHints":{"allow":["GET"]}}],"collection":[{"href":"https:\/\/sbm-rail.com\/de\/wp-json\/wp\/v2\/pages"}],"about":[{"href":"https:\/\/sbm-rail.com\/de\/wp-json\/wp\/v2\/types\/page"}],"author":[{"embeddable":true,"href":"https:\/\/sbm-rail.com\/de\/wp-json\/wp\/v2\/users\/4"}],"replies":[{"embeddable":true,"href":"https:\/\/sbm-rail.com\/de\/wp-json\/wp\/v2\/comments?post=1311"}],"version-history":[{"count":2,"href":"https:\/\/sbm-rail.com\/de\/wp-json\/wp\/v2\/pages\/1311\/revisions"}],"predecessor-version":[{"id":1443,"href":"https:\/\/sbm-rail.com\/de\/wp-json\/wp\/v2\/pages\/1311\/revisions\/1443"}],"wp:attachment":[{"href":"https:\/\/sbm-rail.com\/de\/wp-json\/wp\/v2\/media?parent=1311"}],"curies":[{"name":"wp","href":"https:\/\/api.w.org\/{rel}","templated":true}]}}