{"id":1307,"date":"2023-08-25T10:42:41","date_gmt":"2023-08-25T10:42:41","guid":{"rendered":"https:\/\/sbm-rail.com\/aktualnosci\/"},"modified":"2023-10-23T09:56:05","modified_gmt":"2023-10-23T09:56:05","slug":"neuigkeiten","status":"publish","type":"page","link":"https:\/\/sbm-rail.com\/de\/neuigkeiten\/","title":{"rendered":"Neuigkeiten"},"content":{"rendered":"\t\t<section class=\"page-header\" style=\"background-image: url('https:\/\/sbm-rail.com\/wp-content\/uploads\/2023\/08\/news.png\">\n\t\t\t<div class=\"container\">\n\t\t\t\t<div class=\"row\">\n\t\t\t\t\t<div class=\"col-12\">\n\t\t\t\t\t<h1>Neuigkeiten<\/h1>\t\t\t\t\t<\/div>\n\t\t\t\t<\/div>\n\t\t\t<\/div>\n\t\t<\/section>\n\t\t\n\n\t\t<section id=\"aktualnosci\" class=\"news news__list\">\n\t\t\t<div class=\"title-wrapper\">\n\t\t\t\t<div class=\"container\">\n\t\t\t\t\t<div class=\"row\">\n\t\t\t\t\t\t<div class=\"col-12\">\n\t\t\t\t\t\t\t<h2><span>Neuigkeiten<\/span><\/h2>\n\t\t\t\t\t\t<\/div>\n\t\t\t\t\t<\/div>\n\t\t\t\t<\/div>\n\t\t\t<\/div>\n\t\t\t<div class=\"container\">\n\t\t\t\t<div class=\"row\">\n\t\t\t\t\t<div class=\"col-12\">\n\t\t\t\t\t<div class=\"news__list \" id=\"posts-container\">\n\t\t\t\t\t\t\t\t\t\t\t\t<article>\n\t\t\t\t\t\t\t\t<div class=\"photo\" style=\"background-image: url('https:\/\/sbm-rail.com\/wp-content\/uploads\/2024\/10\/SBM-Przeprowadzenie-4-kontroli-przez-organy-Ochrony-Srodowiska-WIOS-bez-nalozenia-kar-finansowych.-Twoja-relacja-1.png\"><\/div>\n\t\t\t\t\t\t\t\t<div class=\"description\">\n\t\t\t\t\t\t\t\t\t<div class=\"left\">\n\t\t\t\t\t\t\t\t\t\t<div class=\"portfolio-title\">\n\t\t\t\t\t\t\t\t\t\t\t\t\t\t\t\t\t\t\t\t\t\t\t<h3>Seit 20 Jahren auf dem richtigen Gleis!<\/h3>\n\t\t\t\t\t\t\t\t\t\t\t\t\t\t\t\t\t\t\t\t\t\t\t\t\t\t\t\t\t\t\t\t<\/div>\n\t\t\t\t\t\t\t\t\t\t#15 Innovative Kombination \u2013 Atlas 1604 ZW Bagger und MOVAX Rammhammer. Nach zwei Jahrzehnten auf dem Markt lassen wir nicht&hellip;\t\t\t\t\t\t\t\t\t\t\t<a href=\"https:\/\/sbm-rail.com\/de\/seit-20-jahren-auf-dem-richtigen-gleis-15\/\">Mehr lesen<\/a>\n\t\t\t\t\t\t\t\t\t\t\t\t\t\t\t\t\t\t\t<\/div>\n\t\t\t\t\t\t\t\t\t<div class=\"right\">\n\t\t\t\t\t\t\t\t\t\t\t\t\t\t\t\t\t\t\t\t\t<h5>Unkategorisiert<\/h5>\n\t\t\t\t\t\t\t\t\t\t\t\t\t\t\t\t\t\t\t\t<a href=\"https:\/\/sbm-rail.com\/de\/seit-20-jahren-auf-dem-richtigen-gleis-15\/\">\n\t\t\t\t\t\t\t\t\t\t<img decoding=\"async\" src=\"https:\/\/sbm-rail.com\/wp-content\/themes\/sbm\/assets\/svg\/arrow-red.svg\" alt=\"Unkategorisiert\">\n\t\t\t\t\t\t\t\t\t\t<\/a>\n\t\t\t\t\t\t\t\t\t<\/div>\n\t\t\t\t\t\t\t\t<\/div>\n\t\t\t\t\t\t\t<\/article>\n\t\t\t\t\t\t\t\n\t\t\t\t\t\t\t\t\t\t\t\t\t<article>\n\t\t\t\t\t\t\t\t<div class=\"photo\" style=\"background-image: url('https:\/\/sbm-rail.com\/wp-content\/uploads\/2024\/08\/Zrzut-ekranu-2024-08-30-172859.png\"><\/div>\n\t\t\t\t\t\t\t\t<div class=\"description\">\n\t\t\t\t\t\t\t\t\t<div class=\"left\">\n\t\t\t\t\t\t\t\t\t\t<div class=\"portfolio-title\">\n\t\t\t\t\t\t\t\t\t\t\t\t\t\t\t\t\t\t\t\t\t\t\t<h3>Seit 20 Jahren auf dem richtigen Gleis!<\/h3>\n\t\t\t\t\t\t\t\t\t\t\t\t\t\t\t\t\t\t\t\t\t\t\t\t\t\t\t\t\t\t\t\t<\/div>\n\t\t\t\t\t\t\t\t\t\t#14 Zusammenarbeit f\u00fcr eine sichere Eisenbahninfrastruktur. In den 20 Jahren unserer Pr\u00e4senz auf dem Eisenbahnmarkt hat sich unser Gesch\u00e4ft weiterentwickelt,&hellip;\t\t\t\t\t\t\t\t\t\t\t<a href=\"https:\/\/sbm-rail.com\/de\/seit-20-jahren-auf-dem-richtigen-gleis-14\/\">Mehr lesen<\/a>\n\t\t\t\t\t\t\t\t\t\t\t\t\t\t\t\t\t\t\t<\/div>\n\t\t\t\t\t\t\t\t\t<div class=\"right\">\n\t\t\t\t\t\t\t\t\t\t\t\t\t\t\t\t\t\t\t\t\t<h5>Unkategorisiert<\/h5>\n\t\t\t\t\t\t\t\t\t\t\t\t\t\t\t\t\t\t\t\t<a href=\"https:\/\/sbm-rail.com\/de\/seit-20-jahren-auf-dem-richtigen-gleis-14\/\">\n\t\t\t\t\t\t\t\t\t\t<img decoding=\"async\" src=\"https:\/\/sbm-rail.com\/wp-content\/themes\/sbm\/assets\/svg\/arrow-red.svg\" alt=\"Unkategorisiert\">\n\t\t\t\t\t\t\t\t\t\t<\/a>\n\t\t\t\t\t\t\t\t\t<\/div>\n\t\t\t\t\t\t\t\t<\/div>\n\t\t\t\t\t\t\t<\/article>\n\t\t\t\t\t\t\t\n\t\t\t\t\t\t\t\t\t\t\t\n\t\t\t\t\t\t\n\t\t\t\t\t\t<\/div>\n\t\t\t\t\t\t<div class=\"button-wrapper\">\n\t\t\t\t\t\t\t<button id=\"load-more-button\">Weitere Nachrichten laden<\/button>\n\t\t\t\t\t\t<\/div>\n\t\t\t\t\t<\/div>\n\t\t\t\t<\/div>\n\t\t\t<\/div>\n\t\t<\/section>\n\t\t","protected":false},"excerpt":{"rendered":"","protected":false},"author":4,"featured_media":0,"parent":0,"menu_order":0,"comment_status":"closed","ping_status":"closed","template":"","meta":{"_acf_changed":false,"footnotes":""},"class_list":["post-1307","page","type-page","status-publish","hentry"],"acf":[],"yoast_head":"<!-- This site is optimized with the Yoast SEO plugin v27.5 - https:\/\/yoast.com\/product\/yoast-seo-wordpress\/ -->\n<title>Neuigkeiten - sbm-rail.com<\/title>\n<meta name=\"robots\" content=\"index, follow, max-snippet:-1, max-image-preview:large, max-video-preview:-1\" \/>\n<link rel=\"canonical\" href=\"https:\/\/sbm-rail.com\/de\/neuigkeiten\/\" \/>\n<meta property=\"og:locale\" content=\"de_DE\" \/>\n<meta property=\"og:type\" content=\"article\" \/>\n<meta property=\"og:title\" content=\"Neuigkeiten - sbm-rail.com\" \/>\n<meta property=\"og:url\" content=\"https:\/\/sbm-rail.com\/de\/neuigkeiten\/\" \/>\n<meta property=\"og:site_name\" content=\"sbm-rail.com\" \/>\n<meta property=\"article:modified_time\" content=\"2023-10-23T09:56:05+00:00\" \/>\n<meta name=\"twitter:card\" content=\"summary_large_image\" \/>\n<script type=\"application\/ld+json\" class=\"yoast-schema-graph\">{\"@context\":\"https:\\\/\\\/schema.org\",\"@graph\":[{\"@type\":\"WebPage\",\"@id\":\"https:\\\/\\\/sbm-rail.com\\\/de\\\/neuigkeiten\\\/\",\"url\":\"https:\\\/\\\/sbm-rail.com\\\/de\\\/neuigkeiten\\\/\",\"name\":\"Neuigkeiten - sbm-rail.com\",\"isPartOf\":{\"@id\":\"https:\\\/\\\/sbm-rail.com\\\/#website\"},\"datePublished\":\"2023-08-25T10:42:41+00:00\",\"dateModified\":\"2023-10-23T09:56:05+00:00\",\"breadcrumb\":{\"@id\":\"https:\\\/\\\/sbm-rail.com\\\/de\\\/neuigkeiten\\\/#breadcrumb\"},\"inLanguage\":\"de\",\"potentialAction\":[{\"@type\":\"ReadAction\",\"target\":[\"https:\\\/\\\/sbm-rail.com\\\/de\\\/neuigkeiten\\\/\"]}]},{\"@type\":\"BreadcrumbList\",\"@id\":\"https:\\\/\\\/sbm-rail.com\\\/de\\\/neuigkeiten\\\/#breadcrumb\",\"itemListElement\":[{\"@type\":\"ListItem\",\"position\":1,\"name\":\"Strona g\u0142\u00f3wna\",\"item\":\"https:\\\/\\\/sbm-rail.com\\\/de\\\/\"},{\"@type\":\"ListItem\",\"position\":2,\"name\":\"Neuigkeiten\"}]},{\"@type\":\"WebSite\",\"@id\":\"https:\\\/\\\/sbm-rail.com\\\/#website\",\"url\":\"https:\\\/\\\/sbm-rail.com\\\/\",\"name\":\"sbm-rail.com\",\"description\":\"\",\"publisher\":{\"@id\":\"https:\\\/\\\/sbm-rail.com\\\/#organization\"},\"potentialAction\":[{\"@type\":\"SearchAction\",\"target\":{\"@type\":\"EntryPoint\",\"urlTemplate\":\"https:\\\/\\\/sbm-rail.com\\\/?s={search_term_string}\"},\"query-input\":{\"@type\":\"PropertyValueSpecification\",\"valueRequired\":true,\"valueName\":\"search_term_string\"}}],\"inLanguage\":\"de\"},{\"@type\":\"Organization\",\"@id\":\"https:\\\/\\\/sbm-rail.com\\\/#organization\",\"name\":\"sbm-rail.com\",\"url\":\"https:\\\/\\\/sbm-rail.com\\\/\",\"logo\":{\"@type\":\"ImageObject\",\"inLanguage\":\"de\",\"@id\":\"https:\\\/\\\/sbm-rail.com\\\/#\\\/schema\\\/logo\\\/image\\\/\",\"url\":\"https:\\\/\\\/sbm-rail.com\\\/wp-content\\\/uploads\\\/2023\\\/08\\\/logo.svg\",\"contentUrl\":\"https:\\\/\\\/sbm-rail.com\\\/wp-content\\\/uploads\\\/2023\\\/08\\\/logo.svg\",\"caption\":\"sbm-rail.com\"},\"image\":{\"@id\":\"https:\\\/\\\/sbm-rail.com\\\/#\\\/schema\\\/logo\\\/image\\\/\"}}]}<\/script>\n<!-- \/ Yoast SEO plugin. -->","yoast_head_json":{"title":"Neuigkeiten - sbm-rail.com","robots":{"index":"index","follow":"follow","max-snippet":"max-snippet:-1","max-image-preview":"max-image-preview:large","max-video-preview":"max-video-preview:-1"},"canonical":"https:\/\/sbm-rail.com\/de\/neuigkeiten\/","og_locale":"de_DE","og_type":"article","og_title":"Neuigkeiten - sbm-rail.com","og_url":"https:\/\/sbm-rail.com\/de\/neuigkeiten\/","og_site_name":"sbm-rail.com","article_modified_time":"2023-10-23T09:56:05+00:00","twitter_card":"summary_large_image","schema":{"@context":"https:\/\/schema.org","@graph":[{"@type":"WebPage","@id":"https:\/\/sbm-rail.com\/de\/neuigkeiten\/","url":"https:\/\/sbm-rail.com\/de\/neuigkeiten\/","name":"Neuigkeiten - sbm-rail.com","isPartOf":{"@id":"https:\/\/sbm-rail.com\/#website"},"datePublished":"2023-08-25T10:42:41+00:00","dateModified":"2023-10-23T09:56:05+00:00","breadcrumb":{"@id":"https:\/\/sbm-rail.com\/de\/neuigkeiten\/#breadcrumb"},"inLanguage":"de","potentialAction":[{"@type":"ReadAction","target":["https:\/\/sbm-rail.com\/de\/neuigkeiten\/"]}]},{"@type":"BreadcrumbList","@id":"https:\/\/sbm-rail.com\/de\/neuigkeiten\/#breadcrumb","itemListElement":[{"@type":"ListItem","position":1,"name":"Strona g\u0142\u00f3wna","item":"https:\/\/sbm-rail.com\/de\/"},{"@type":"ListItem","position":2,"name":"Neuigkeiten"}]},{"@type":"WebSite","@id":"https:\/\/sbm-rail.com\/#website","url":"https:\/\/sbm-rail.com\/","name":"sbm-rail.com","description":"","publisher":{"@id":"https:\/\/sbm-rail.com\/#organization"},"potentialAction":[{"@type":"SearchAction","target":{"@type":"EntryPoint","urlTemplate":"https:\/\/sbm-rail.com\/?s={search_term_string}"},"query-input":{"@type":"PropertyValueSpecification","valueRequired":true,"valueName":"search_term_string"}}],"inLanguage":"de"},{"@type":"Organization","@id":"https:\/\/sbm-rail.com\/#organization","name":"sbm-rail.com","url":"https:\/\/sbm-rail.com\/","logo":{"@type":"ImageObject","inLanguage":"de","@id":"https:\/\/sbm-rail.com\/#\/schema\/logo\/image\/","url":"https:\/\/sbm-rail.com\/wp-content\/uploads\/2023\/08\/logo.svg","contentUrl":"https:\/\/sbm-rail.com\/wp-content\/uploads\/2023\/08\/logo.svg","caption":"sbm-rail.com"},"image":{"@id":"https:\/\/sbm-rail.com\/#\/schema\/logo\/image\/"}}]}},"_links":{"self":[{"href":"https:\/\/sbm-rail.com\/de\/wp-json\/wp\/v2\/pages\/1307","targetHints":{"allow":["GET"]}}],"collection":[{"href":"https:\/\/sbm-rail.com\/de\/wp-json\/wp\/v2\/pages"}],"about":[{"href":"https:\/\/sbm-rail.com\/de\/wp-json\/wp\/v2\/types\/page"}],"author":[{"embeddable":true,"href":"https:\/\/sbm-rail.com\/de\/wp-json\/wp\/v2\/users\/4"}],"replies":[{"embeddable":true,"href":"https:\/\/sbm-rail.com\/de\/wp-json\/wp\/v2\/comments?post=1307"}],"version-history":[{"count":1,"href":"https:\/\/sbm-rail.com\/de\/wp-json\/wp\/v2\/pages\/1307\/revisions"}],"predecessor-version":[{"id":1427,"href":"https:\/\/sbm-rail.com\/de\/wp-json\/wp\/v2\/pages\/1307\/revisions\/1427"}],"wp:attachment":[{"href":"https:\/\/sbm-rail.com\/de\/wp-json\/wp\/v2\/media?parent=1307"}],"curies":[{"name":"wp","href":"https:\/\/api.w.org\/{rel}","templated":true}]}}